{"id":271,"date":"2023-06-27T11:08:39","date_gmt":"2023-06-27T11:08:39","guid":{"rendered":"https:\/\/www.lafiracentrecomercial.com\/rsc\/"},"modified":"2024-10-29T09:08:26","modified_gmt":"2024-10-29T09:08:26","slug":"rsc","status":"publish","type":"page","link":"https:\/\/www.lafiracentrecomercial.com\/ca\/rsc\/","title":{"rendered":"RSC CA"},"content":{"rendered":"\t\t<div data-elementor-type=\"wp-page\" data-elementor-id=\"271\" class=\"elementor elementor-271 elementor-1133\">\n\t\t\t\t\t\t<section class=\"elementor-section elementor-top-section elementor-element elementor-element-53b53cc1 elementor-section-stretched elementor-section-full_width elementor-section-height-default elementor-section-height-default\" data-id=\"53b53cc1\" data-element_type=\"section\" data-e-type=\"section\" data-settings=\"{&quot;stretch_section&quot;:&quot;section-stretched&quot;,&quot;background_background&quot;:&quot;classic&quot;}\">\n\t\t\t\t\t\t<div class=\"elementor-container elementor-column-gap-wider\">\n\t\t\t\t\t<div class=\"elementor-column elementor-col-100 elementor-top-column elementor-element elementor-element-6b0432c9\" data-id=\"6b0432c9\" data-element_type=\"column\" data-e-type=\"column\">\n\t\t\t<div class=\"elementor-widget-wrap elementor-element-populated\">\n\t\t\t\t\t\t<div class=\"elementor-element elementor-element-5a008845 elementor-widget elementor-widget-spacer\" data-id=\"5a008845\" data-element_type=\"widget\" data-e-type=\"widget\" data-widget_type=\"spacer.default\">\n\t\t\t\t<div class=\"elementor-widget-container\">\n\t\t\t\t\t\t\t<div class=\"elementor-spacer\">\n\t\t\t<div class=\"elementor-spacer-inner\"><\/div>\n\t\t<\/div>\n\t\t\t\t\t\t<\/div>\n\t\t\t\t<\/div>\n\t\t\t\t\t<\/div>\n\t\t<\/div>\n\t\t\t\t\t<\/div>\n\t\t<\/section>\n\t\t\t\t<section class=\"elementor-section elementor-top-section elementor-element elementor-element-173970a2 elementor-section-stretched elementor-section-boxed elementor-section-height-default elementor-section-height-default\" data-id=\"173970a2\" data-element_type=\"section\" data-e-type=\"section\" data-settings=\"{&quot;stretch_section&quot;:&quot;section-stretched&quot;,&quot;background_background&quot;:&quot;classic&quot;}\">\n\t\t\t\t\t\t<div class=\"elementor-container elementor-column-gap-default\">\n\t\t\t\t\t<div class=\"elementor-column elementor-col-14 elementor-top-column elementor-element elementor-element-17449fab\" data-id=\"17449fab\" data-element_type=\"column\" data-e-type=\"column\">\n\t\t\t<div class=\"elementor-widget-wrap\">\n\t\t\t\t\t\t\t<\/div>\n\t\t<\/div>\n\t\t\t\t<div class=\"elementor-column elementor-col-14 elementor-top-column elementor-element elementor-element-27d18c47\" data-id=\"27d18c47\" data-element_type=\"column\" data-e-type=\"column\" data-settings=\"{&quot;background_background&quot;:&quot;classic&quot;}\">\n\t\t\t<div class=\"elementor-widget-wrap elementor-element-populated\">\n\t\t\t\t\t\t<div class=\"elementor-element elementor-element-6fd764ee elementor-widget elementor-widget-text-editor\" data-id=\"6fd764ee\" data-element_type=\"widget\" data-e-type=\"widget\" data-widget_type=\"text-editor.default\">\n\t\t\t\t<div class=\"elementor-widget-container\">\n\t\t\t\t\t\t\t\t\t<p><a href=\"http:\/\/www.lafiracentrecomercial.com\/sobre-fira\/\">Sobre Fira<\/a><\/p>\t\t\t\t\t\t\t\t<\/div>\n\t\t\t\t<\/div>\n\t\t\t\t\t<\/div>\n\t\t<\/div>\n\t\t\t\t<div class=\"elementor-column elementor-col-14 elementor-top-column elementor-element elementor-element-32ad368e\" data-id=\"32ad368e\" data-element_type=\"column\" data-e-type=\"column\">\n\t\t\t<div class=\"elementor-widget-wrap elementor-element-populated\">\n\t\t\t\t\t\t<div class=\"elementor-element elementor-element-51e196d5 elementor-widget elementor-widget-text-editor\" data-id=\"51e196d5\" data-element_type=\"widget\" data-e-type=\"widget\" data-widget_type=\"text-editor.default\">\n\t\t\t\t<div class=\"elementor-widget-container\">\n\t\t\t\t\t\t\t\t\t<p><a href=\"http:\/\/www.lafiracentrecomercial.com\/el-teu-negoci-aqui\/\">El teu negoci aqu\u00ed<\/a><\/p>\t\t\t\t\t\t\t\t<\/div>\n\t\t\t\t<\/div>\n\t\t\t\t\t<\/div>\n\t\t<\/div>\n\t\t\t\t<div class=\"elementor-column elementor-col-14 elementor-top-column elementor-element elementor-element-d4c667d\" data-id=\"d4c667d\" data-element_type=\"column\" data-e-type=\"column\">\n\t\t\t<div class=\"elementor-widget-wrap elementor-element-populated\">\n\t\t\t\t\t\t<div class=\"elementor-element elementor-element-1f3f76c3 elementor-widget elementor-widget-text-editor\" data-id=\"1f3f76c3\" data-element_type=\"widget\" data-e-type=\"widget\" data-widget_type=\"text-editor.default\">\n\t\t\t\t<div class=\"elementor-widget-container\">\n\t\t\t\t\t\t\t\t\t<p><a href=\"http:\/\/www.lafiracentrecomercial.com\/com-arribar-hi\/\">Com arribar-hi?<\/a><\/p>\t\t\t\t\t\t\t\t<\/div>\n\t\t\t\t<\/div>\n\t\t\t\t\t<\/div>\n\t\t<\/div>\n\t\t\t\t<div class=\"elementor-column elementor-col-14 elementor-top-column elementor-element elementor-element-422f0043\" data-id=\"422f0043\" data-element_type=\"column\" data-e-type=\"column\" data-settings=\"{&quot;background_background&quot;:&quot;classic&quot;}\">\n\t\t\t<div class=\"elementor-widget-wrap elementor-element-populated\">\n\t\t\t\t\t\t<div class=\"elementor-element elementor-element-3e54bbd8 elementor-widget elementor-widget-text-editor\" data-id=\"3e54bbd8\" data-element_type=\"widget\" data-e-type=\"widget\" data-widget_type=\"text-editor.default\">\n\t\t\t\t<div class=\"elementor-widget-container\">\n\t\t\t\t\t\t\t\t\t<p>RSC<\/p>\t\t\t\t\t\t\t\t<\/div>\n\t\t\t\t<\/div>\n\t\t\t\t\t<\/div>\n\t\t<\/div>\n\t\t\t\t<div class=\"elementor-column elementor-col-14 elementor-top-column elementor-element elementor-element-1ea1f05\" data-id=\"1ea1f05\" data-element_type=\"column\" data-e-type=\"column\">\n\t\t\t<div class=\"elementor-widget-wrap elementor-element-populated\">\n\t\t\t\t\t\t<div class=\"elementor-element elementor-element-4e0043c4 elementor-widget elementor-widget-text-editor\" data-id=\"4e0043c4\" data-element_type=\"widget\" data-e-type=\"widget\" data-widget_type=\"text-editor.default\">\n\t\t\t\t<div class=\"elementor-widget-container\">\n\t\t\t\t\t\t\t\t\t<p><a href=\"http:\/\/www.lafiracentrecomercial.com\/contacte\/\">Contacte<\/a><\/p>\t\t\t\t\t\t\t\t<\/div>\n\t\t\t\t<\/div>\n\t\t\t\t\t<\/div>\n\t\t<\/div>\n\t\t\t\t<div class=\"elementor-column elementor-col-14 elementor-top-column elementor-element elementor-element-4c3b3d8d\" data-id=\"4c3b3d8d\" data-element_type=\"column\" data-e-type=\"column\">\n\t\t\t<div class=\"elementor-widget-wrap\">\n\t\t\t\t\t\t\t<\/div>\n\t\t<\/div>\n\t\t\t\t\t<\/div>\n\t\t<\/section>\n\t\t\t\t<section class=\"elementor-section elementor-top-section elementor-element elementor-element-78c87ebf elementor-section-boxed elementor-section-height-default elementor-section-height-default\" data-id=\"78c87ebf\" data-element_type=\"section\" data-e-type=\"section\">\n\t\t\t\t\t\t<div class=\"elementor-container elementor-column-gap-default\">\n\t\t\t\t\t<div class=\"elementor-column elementor-col-100 elementor-top-column elementor-element elementor-element-57ede0b9\" data-id=\"57ede0b9\" data-element_type=\"column\" data-e-type=\"column\">\n\t\t\t<div class=\"elementor-widget-wrap elementor-element-populated\">\n\t\t\t\t\t\t<div class=\"elementor-element elementor-element-70943298 elementor-widget elementor-widget-spacer\" data-id=\"70943298\" data-element_type=\"widget\" data-e-type=\"widget\" data-widget_type=\"spacer.default\">\n\t\t\t\t<div class=\"elementor-widget-container\">\n\t\t\t\t\t\t\t<div class=\"elementor-spacer\">\n\t\t\t<div class=\"elementor-spacer-inner\"><\/div>\n\t\t<\/div>\n\t\t\t\t\t\t<\/div>\n\t\t\t\t<\/div>\n\t\t\t\t<div class=\"elementor-element elementor-element-2fe070fa elementor-widget elementor-widget-heading\" data-id=\"2fe070fa\" data-element_type=\"widget\" data-e-type=\"widget\" data-widget_type=\"heading.default\">\n\t\t\t\t<div class=\"elementor-widget-container\">\n\t\t\t\t\t<h2 class=\"elementor-heading-title elementor-size-default\">Comprom\u00eds<\/h2>\t\t\t\t<\/div>\n\t\t\t\t<\/div>\n\t\t\t\t\t<\/div>\n\t\t<\/div>\n\t\t\t\t\t<\/div>\n\t\t<\/section>\n\t\t\t\t<section class=\"elementor-section elementor-top-section elementor-element elementor-element-5e37d78 elementor-section-boxed elementor-section-height-default elementor-section-height-default\" data-id=\"5e37d78\" data-element_type=\"section\" data-e-type=\"section\">\n\t\t\t\t\t\t<div class=\"elementor-container elementor-column-gap-default\">\n\t\t\t\t\t<div class=\"elementor-column elementor-col-100 elementor-top-column elementor-element elementor-element-43fdfbf\" data-id=\"43fdfbf\" data-element_type=\"column\" data-e-type=\"column\">\n\t\t\t<div class=\"elementor-widget-wrap elementor-element-populated\">\n\t\t\t\t\t\t<div class=\"elementor-element elementor-element-61b8661 elementor-widget elementor-widget-text-editor\" data-id=\"61b8661\" data-element_type=\"widget\" data-e-type=\"widget\" data-widget_type=\"text-editor.default\">\n\t\t\t\t<div class=\"elementor-widget-container\">\n\t\t\t\t\t\t\t\t\t<p>A La\u00a0Fira\u00a0Centre Comercial estem compromesos amb la seguretat i benestar dels nostres visitants i treballadors, amb la nostra comunitat local i amb el medi ambient. Per aquesta ra\u00f3, treballem any rere any en diverses iniciatives i accions de responsabilitat social. El nostre objectiu \u00e9s generar un impacte positiu com a empresa de refer\u00e8ncia a la nostra zona.<\/p><p>Alguns exemples s\u00f3n els seg\u00fcents:<\/p><h4><strong>Obtenci\u00f3 <\/strong><strong>del certificat d&#8217;excel<\/strong><strong>\u00b7<\/strong><strong>l<\/strong><strong>\u00e8<\/strong><strong>ncia en el Protocol\u00a0<\/strong><strong>AIS-COVID<\/strong><strong>\u00a0per part de la Fundaci\u00f3 ARS (Fundaci\u00f3n para la Accesibilidad y la Responsabilidad Social).<\/strong><\/h4><p>Aix\u00f2 ha estat possible gr\u00e0cies a les mesures de seguretat i higiene que hem implementat al Centre Comercial i als esfor\u00e7os del nostre personal i clients per mantenir un espai segur.<\/p><p>Entre aquestes mesures destaquen: maximitzar la higiene i desinfecci\u00f3 de zones comunes, instal\u00b7lar dispensadors de gel antis\u00e8ptic, controlar l&#8217;aforament del Centre Comercial en temps real, esterilitzar l&#8217;aire mitjan\u00e7ant un sistema purificador de llum UVA, refor\u00e7ar la ventilaci\u00f3 natural o equipar el Centre amb recomanacions de seguretat, entre d\u2019altres.<\/p><h4><strong>Accions de Responsabilitat Social Corporativa a les quals La<\/strong><strong>\u00a0<\/strong><strong>Fira<\/strong><strong>\u00a0<\/strong><strong>se suma any rere any.<\/strong><\/h4><p>Per exemple: aquelles accions destinades a fomentar l&#8217;ocupaci\u00f3 i la formaci\u00f3, suport a la divulgaci\u00f3 del coneixement, cessions d&#8217;espai gratu\u00eftes i aportacions a entitats d&#8217;acci\u00f3 social per dur a terme labors de conscienciaci\u00f3, a m\u00e9s de donatius i accions col\u00b7laboratives amb hospitals de la zona.<\/p><h4><strong>Comprom<\/strong><strong>\u00eds amb el compliment dels objectius recollits en el nostre Manual de Bones Pr\u00e0<\/strong><strong>ctiques.<\/strong><\/h4><p>Treballem per alinear els nostres objectius estrat\u00e8gics amb els nostres principis \u00e8tics, per la qual cosa hem tra\u00e7at unes pautes de treball manifestades en el nostre Manual de Bones Pr\u00e0ctiques. Aquesta guia resumeix els principals aspectes del comprom\u00eds al qual ens adherim tots els que formem part de la companyia com:<\/p><ul><li>Disminuir el consum de recursos naturals i mat\u00e8ries primeres.<\/li><li>Minimitzar la producci\u00f3 de residus.<\/li><li>Evitar la contaminaci\u00f3 accidental.<\/li><li>Disminuir costos.<\/li><li>Millorar la gesti\u00f3 ambiental de l&#8217;organitzaci\u00f3.<\/li><\/ul><p>Accedeix al Manual de Bones Pr\u00e0ctiques per entendre el nostre comprom\u00eds.<\/p>\t\t\t\t\t\t\t\t<\/div>\n\t\t\t\t<\/div>\n\t\t\t\t<section class=\"elementor-section elementor-inner-section elementor-element elementor-element-fc23fa4 elementor-section-boxed elementor-section-height-default elementor-section-height-default\" data-id=\"fc23fa4\" data-element_type=\"section\" data-e-type=\"section\">\n\t\t\t\t\t\t<div class=\"elementor-container elementor-column-gap-default\">\n\t\t\t\t\t<div class=\"elementor-column elementor-col-50 elementor-inner-column elementor-element elementor-element-8d4fe87\" data-id=\"8d4fe87\" data-element_type=\"column\" data-e-type=\"column\">\n\t\t\t<div class=\"elementor-widget-wrap elementor-element-populated\">\n\t\t\t\t\t\t<div class=\"elementor-element elementor-element-ff8537b elementor-widget elementor-widget-text-editor\" data-id=\"ff8537b\" data-element_type=\"widget\" data-e-type=\"widget\" data-widget_type=\"text-editor.default\">\n\t\t\t\t<div class=\"elementor-widget-container\">\n\t\t\t\t\t\t\t\t\t<h4><strong>Obtenci\u00f3 <\/strong><strong>del certificat<\/strong><strong>\u00a0<\/strong><strong>BREEAM<\/strong><strong>\u00ae ES En Uso.<\/strong><\/h4><p>Hem obtingut el certificat BREEAM\u00ae ES En Uso amb la distinci\u00f3 \u201cMolt Bo\u201d, cosa que avala la sostenibilitat ambiental del nostre Centre Comercial i de la seva gesti\u00f3. Aix\u00f2 ratifica el nostre comprom\u00eds amb el medi ambient i amb el planeta.<\/p><h4><strong>Obtenci\u00f3 <\/strong><strong>del certificat AIS d&#8217;accessibilitat amb 5 estrelles.<\/strong><\/h4><p>El Sistema Indicador d&#8217;Accessibilitat (AIS) \u00e9s un sistema de certificaci\u00f3 internacional per a la incorporaci\u00f3 del disseny i gesti\u00f3 per a tothom, sobre par\u00e0metres d&#8217;usabilitat, confort, seguretat i diversitat.<\/p><p>L&#8217;edifici de La Fira Centre Comercial, tant per la seva arquitectura (accessos, itineraris horitzontals), com per la seva la seva gesti\u00f3 (comunicaci\u00f3, informaci\u00f3, serveis), ha obtingut el grau m\u00e0xim de 5 estrelles en accessibilitat.<\/p>\t\t\t\t\t\t\t\t<\/div>\n\t\t\t\t<\/div>\n\t\t\t\t\t<\/div>\n\t\t<\/div>\n\t\t\t\t<div class=\"elementor-column elementor-col-50 elementor-inner-column elementor-element elementor-element-0c7dc5b\" data-id=\"0c7dc5b\" data-element_type=\"column\" data-e-type=\"column\">\n\t\t\t<div class=\"elementor-widget-wrap elementor-element-populated\">\n\t\t\t\t\t\t<div class=\"elementor-element elementor-element-1dd2b330 elementor-widget elementor-widget-image\" data-id=\"1dd2b330\" data-element_type=\"widget\" data-e-type=\"widget\" data-widget_type=\"image.default\">\n\t\t\t\t<div class=\"elementor-widget-container\">\n\t\t\t\t\t\t\t\t\t\t\t\t\t\t\t<img fetchpriority=\"high\" decoding=\"async\" width=\"706\" height=\"497\" src=\"https:\/\/www.lafiracentrecomercial.com\/wp-content\/uploads\/2023\/06\/FOTO-1.jpg\" class=\"attachment-large size-large wp-image-1214\" alt=\"rsc\" srcset=\"https:\/\/www.lafiracentrecomercial.com\/wp-content\/uploads\/2023\/06\/FOTO-1.jpg 706w, https:\/\/www.lafiracentrecomercial.com\/wp-content\/uploads\/2023\/06\/FOTO-1-500x352.jpg 500w, https:\/\/www.lafiracentrecomercial.com\/wp-content\/uploads\/2023\/06\/FOTO-1-300x211.jpg 300w, https:\/\/www.lafiracentrecomercial.com\/wp-content\/uploads\/2023\/06\/FOTO-1-107x75.jpg 107w, https:\/\/www.lafiracentrecomercial.com\/wp-content\/uploads\/2023\/06\/FOTO-1-480x338.jpg 480w\" sizes=\"(max-width:767px) 480px, 706px\" \/>\t\t\t\t\t\t\t\t\t\t\t\t\t\t\t<\/div>\n\t\t\t\t<\/div>\n\t\t\t\t\t<\/div>\n\t\t<\/div>\n\t\t\t\t\t<\/div>\n\t\t<\/section>\n\t\t\t\t\t<\/div>\n\t\t<\/div>\n\t\t\t\t\t<\/div>\n\t\t<\/section>\n\t\t\t\t<section class=\"elementor-section elementor-top-section elementor-element elementor-element-d0bfe8c elementor-section-boxed elementor-section-height-default elementor-section-height-default\" data-id=\"d0bfe8c\" data-element_type=\"section\" data-e-type=\"section\">\n\t\t\t\t\t\t<div class=\"elementor-container elementor-column-gap-default\">\n\t\t\t\t\t<div class=\"elementor-column elementor-col-100 elementor-top-column elementor-element elementor-element-24c8063\" data-id=\"24c8063\" data-element_type=\"column\" data-e-type=\"column\">\n\t\t\t<div class=\"elementor-widget-wrap elementor-element-populated\">\n\t\t\t\t\t\t<div class=\"elementor-element elementor-element-2788bb3 elementor-widget elementor-widget-heading\" data-id=\"2788bb3\" data-element_type=\"widget\" data-e-type=\"widget\" data-widget_type=\"heading.default\">\n\t\t\t\t<div class=\"elementor-widget-container\">\n\t\t\t\t\t<h2 class=\"elementor-heading-title elementor-size-default\">Sostenibilitat<\/h2>\t\t\t\t<\/div>\n\t\t\t\t<\/div>\n\t\t\t\t<div class=\"elementor-element elementor-element-2ac6e9e elementor-widget elementor-widget-text-editor\" data-id=\"2ac6e9e\" data-element_type=\"widget\" data-e-type=\"widget\" data-widget_type=\"text-editor.default\">\n\t\t\t\t<div class=\"elementor-widget-container\">\n\t\t\t\t\t\t\t\t\t<p>Com a Centre Comercial de refer\u00e8ncia en la zona, som conscients de la nostra responsabilitat amb el nostre entorn i amb les persones que ens envolten. M\u00e9s enll\u00e0 de la nostra activitat, ens comprometem amb cinc objectius de sostenibilitat i medi ambient recollits en el nostre Manual de Bones Pr\u00e0ctiques. Entre aquestes accions dedicades a complir els nostres objectius de sostenibilitat social i ambiental, destaquem:<\/p><p><strong>\u00a0<\/strong><\/p><h4><strong>\u00a0\u00a0\u00a0\u00a0\u00a0\u00a0\u00a0\u00a0\u00a0\u00a0\u00a0 Energies renovables<\/strong><\/h4><p>L&#8217;edifici de la Fira compta amb instal\u00b7lacions fotovoltaiques i solar t\u00e8rmiques, destinades a l&#8217;aprofitament d&#8217;energies renovables per a la generaci\u00f3 d&#8217;energia i producci\u00f3 d&#8217;aigua calenta.<\/p><p>La planta fotovoltaica suposa una producci\u00f3 d&#8217;energia el\u00e8ctrica per a autoconsum molt important i amb repercussi\u00f3 mediambiental. Nom\u00e9s en 2021, es van produir 120.565 kWh, que cosa suposen un total de 33.977kg\/CO2 no emesos a l&#8217;atmosfera.<\/p><p>L&#8217;estalvi d&#8217;aigua aconseguit gr\u00e0cies a l&#8217;energia fotovoltaica \u00e9s equivalent a 167.586 m\u00b3, \u00e9s a dir, amb l&#8217;aigua estalviem al centre es podrien omplir 67 piscines ol\u00edmpiques. A m\u00e9s, la suma de l&#8217;energia produ\u00efda per la nostra instal\u00b7laci\u00f3 podria proveir l&#8217;equivalent a 8.539 llars.<\/p><p>A m\u00e9s, la nostra instal\u00b7laci\u00f3 solar t\u00e8rmica escalfa l&#8217;aigua del circuit que proveeix als locals de restauraci\u00f3, lavabos p\u00fablics, sales de lact\u00e0ncia, menjador i vestuaris del personal.<\/p><h4><strong>\u00a0\u00a0\u00a0\u00a0\u00a0\u00a0\u00a0\u00a0\u00a0\u00a0\u00a0 Il<\/strong><strong>\u00b7<\/strong><strong>luminaci\u00f3<\/strong><\/h4><p>La gran majoria dels equips d&#8217;il\u00b7luminaci\u00f3 del nostre Centre Comercial utilitzen tecnologia tipus LED, fins i tot en zones de servei.<\/p><p>En general, en els passadissos d&#8217;evacuaci\u00f3 s&#8217;utilitzen sensors de pres\u00e8ncia per a commutar l&#8217;encesa de l&#8217;enllumenat.<\/p><p>A m\u00e9s, i per a contribuir a l&#8217;efici\u00e8ncia energ\u00e8tica, tota la il\u00b7luminaci\u00f3 del Centre compta amb una programaci\u00f3 controlada per un sistema de gesti\u00f3 t\u00e8cnica SCADA, que es revisa setmanalment.<\/p><h4><strong>\u00a0\u00a0\u00a0\u00a0\u00a0\u00a0\u00a0\u00a0\u00a0\u00a0\u00a0 Climatitzaci\u00f3<\/strong><\/h4><p>La galeria del Centre Comercial no est\u00e0 climatitzada a l&#8217;\u00e9sser un centre semiobert ja que l&#8217;edifici t\u00e9 la voluntat d&#8217;integrar-se com un nou carrer urb\u00e0 i comercial.<\/p><p>D&#8217;altra banda, algunes \u00e0rees del centre comercial que s\u00ed que estan climatitzades, com les oficines de ger\u00e8ncia, ja es van dissenyar en origen per a complir un estricte protocol mediambiental i d&#8217;estalvi energ\u00e8tic. El nostre protocol automatitza temperatura i humitat, i ens permet revisar aquesta programaci\u00f3 per a adaptar-la a les necessitats d&#8217;ocupaci\u00f3 de l&#8217;estada. Per tant, ja complim amb els requisits especificats en el recent Reial decret llei 14\/2022, d&#8217;1 d&#8217;agost.<\/p><h4><strong>\u00a0\u00a0\u00a0\u00a0\u00a0\u00a0\u00a0\u00a0\u00a0\u00a0\u00a0 Aigua sanit<\/strong><strong>\u00e0ria<\/strong><\/h4><p>Per a les desc\u00e0rregues de WC i urinaris, s&#8217;utilitzen flux\u00f2metres autom\u00e0tics i de baix cabal. A m\u00e9s, les aixetes dels rentamans s\u00f3n temporitzats.<\/p><p><strong>\u00a0\u00a0\u00a0\u00a0\u00a0\u00a0\u00a0\u00a0\u00a0\u00a0\u00a0 Gesti<\/strong><strong>\u00f3 de residus<\/strong><\/p><p>Segregaci\u00f3 en origen dels diferents residus generats pels operadors assimilables a urbans, revaloritzables, fracci\u00f3 org\u00e0nica, RAEE i perillosos.<\/p><p>Donat el tipus d&#8217;activitats que es desenvolupen en el Centre Comercial, els residus perillosos generats s\u00f3n molt limitats i tractats conforme a la legislaci\u00f3.<\/p><p>Tamb\u00e9 es realitza un seguiment del dest\u00ed final dels diferents residus i del seu tractament de reciclatge.<\/p><h4><strong>\u00a0\u00a0\u00a0\u00a0\u00a0\u00a0\u00a0\u00a0\u00a0\u00a0\u00a0 Vehicles el<\/strong><strong>\u00e8<\/strong><strong>ctrics<\/strong><\/h4><p>Amb 4 punts de rec\u00e0rrega situats en el nostre aparcament, ens sumem a la xarxa municipal d&#8217;estacions de rec\u00e0rrega per a vehicles el\u00e8ctrics de Reus. A m\u00e9s, estem incorporant punts de rec\u00e0rrega de vehicles alternatius com els patinets el\u00e8ctrics.<\/p><h4><strong>\u00a0\u00a0\u00a0\u00a0\u00a0\u00a0\u00a0\u00a0\u00a0\u00a0\u00a0 Certificat<\/strong><strong>\u00a0<\/strong><strong>BREEAM<\/strong><strong>\u00ae ES En Uso<\/strong><\/h4><p>Renovaci\u00f3 al 2024 del certificat BREEAM\u00ae ES En Uso amb la distinci\u00f3 de \u201cMolt Bo\u201d. Aquest \u00e9s un esquema d&#8217;avaluaci\u00f3 que certifica la sostenibilitat ambiental de l&#8217;edifici de La Fira Centre Comercial i de la seva gesti\u00f3: <a href=\"https:\/\/breeam.es\/esquema-certificacion-breeam-en-uso\/\" target=\"_blank\" rel=\"noopener\">https:\/\/breeam.es\/esquema-certificacion-breeam-en-uso\/<\/a><\/p>\t\t\t\t\t\t\t\t<\/div>\n\t\t\t\t<\/div>\n\t\t\t\t<div class=\"elementor-element elementor-element-cc1c512 elementor-align-center elementor-widget elementor-widget-button\" data-id=\"cc1c512\" data-element_type=\"widget\" data-e-type=\"widget\" data-widget_type=\"button.default\">\n\t\t\t\t<div class=\"elementor-widget-container\">\n\t\t\t\t\t\t\t\t\t<div class=\"elementor-button-wrapper\">\n\t\t\t\t\t<a class=\"elementor-button elementor-button-link elementor-size-lg\" href=\"http:\/\/www.lafiracentrecomercial.com\/wp-content\/uploads\/2023\/06\/manual_de_buenas_practicas.pdf\" target=\"_blank\">\n\t\t\t\t\t\t<span class=\"elementor-button-content-wrapper\">\n\t\t\t\t\t\t\t\t\t<span class=\"elementor-button-text\">DESC\u00c0RREGA EL NOSTRE MANUAL DE BONES PR\u00c0CTIQUES<\/span>\n\t\t\t\t\t<\/span>\n\t\t\t\t\t<\/a>\n\t\t\t\t<\/div>\n\t\t\t\t\t\t\t\t<\/div>\n\t\t\t\t<\/div>\n\t\t\t\t\t<\/div>\n\t\t<\/div>\n\t\t\t\t\t<\/div>\n\t\t<\/section>\n\t\t\t\t<\/div>\n\t\t","protected":false},"excerpt":{"rendered":"<p>Sobre Fira El teu negoci aqu\u00ed Com arribar-hi? RSC Contacte Comprom\u00eds A La\u00a0Fira\u00a0Centre Comercial estem compromesos amb la seguretat i benestar dels nostres visitants i treballadors,<span class=\"excerpt-hellip\"> [\u2026]<\/span><\/p>\n","protected":false},"author":1,"featured_media":0,"parent":0,"menu_order":0,"comment_status":"closed","ping_status":"closed","template":"","meta":{"footnotes":""},"class_list":["post-271","page","type-page","status-publish","hentry"],"publishpress_future_workflow_manual_trigger":{"enabledWorkflows":[]},"_links":{"self":[{"href":"https:\/\/www.lafiracentrecomercial.com\/ca\/wp-json\/wp\/v2\/pages\/271","targetHints":{"allow":["GET"]}}],"collection":[{"href":"https:\/\/www.lafiracentrecomercial.com\/ca\/wp-json\/wp\/v2\/pages"}],"about":[{"href":"https:\/\/www.lafiracentrecomercial.com\/ca\/wp-json\/wp\/v2\/types\/page"}],"author":[{"embeddable":true,"href":"https:\/\/www.lafiracentrecomercial.com\/ca\/wp-json\/wp\/v2\/users\/1"}],"replies":[{"embeddable":true,"href":"https:\/\/www.lafiracentrecomercial.com\/ca\/wp-json\/wp\/v2\/comments?post=271"}],"version-history":[{"count":45,"href":"https:\/\/www.lafiracentrecomercial.com\/ca\/wp-json\/wp\/v2\/pages\/271\/revisions"}],"predecessor-version":[{"id":5934,"href":"https:\/\/www.lafiracentrecomercial.com\/ca\/wp-json\/wp\/v2\/pages\/271\/revisions\/5934"}],"wp:attachment":[{"href":"https:\/\/www.lafiracentrecomercial.com\/ca\/wp-json\/wp\/v2\/media?parent=271"}],"curies":[{"name":"wp","href":"https:\/\/api.w.org\/{rel}","templated":true}]}}