{"id":1115,"date":"2023-06-23T13:49:16","date_gmt":"2023-06-23T13:49:16","guid":{"rendered":"https:\/\/www.lafiracentrecomercial.com\/?page_id=1115"},"modified":"2024-04-02T13:17:03","modified_gmt":"2024-04-02T13:17:03","slug":"cine","status":"publish","type":"page","link":"https:\/\/www.lafiracentrecomercial.com\/es\/cine\/","title":{"rendered":"Cine"},"content":{"rendered":"\t\t<div data-elementor-type=\"wp-page\" data-elementor-id=\"1115\" class=\"elementor elementor-1115 elementor-661\">\n\t\t\t\t\t\t<section class=\"elementor-section elementor-top-section elementor-element elementor-element-1ea1b92b elementor-section-stretched elementor-section-full_width elementor-section-height-default elementor-section-height-default\" data-id=\"1ea1b92b\" data-element_type=\"section\" data-e-type=\"section\" data-settings=\"{&quot;stretch_section&quot;:&quot;section-stretched&quot;,&quot;background_background&quot;:&quot;classic&quot;}\">\n\t\t\t\t\t\t<div class=\"elementor-container elementor-column-gap-wider\">\n\t\t\t\t\t<div class=\"elementor-column elementor-col-100 elementor-top-column elementor-element elementor-element-53e44e9a\" data-id=\"53e44e9a\" data-element_type=\"column\" data-e-type=\"column\">\n\t\t\t<div class=\"elementor-widget-wrap elementor-element-populated\">\n\t\t\t\t\t\t<section class=\"elementor-section elementor-inner-section elementor-element elementor-element-296bc1c3 elementor-section-boxed elementor-section-height-default elementor-section-height-default\" data-id=\"296bc1c3\" data-element_type=\"section\" data-e-type=\"section\">\n\t\t\t\t\t\t<div class=\"elementor-container elementor-column-gap-default\">\n\t\t\t\t\t<div class=\"elementor-column elementor-col-100 elementor-inner-column elementor-element elementor-element-24970a22\" data-id=\"24970a22\" data-element_type=\"column\" data-e-type=\"column\">\n\t\t\t<div class=\"elementor-widget-wrap elementor-element-populated\">\n\t\t\t\t\t\t<div class=\"elementor-element elementor-element-4042d302 elementor-widget elementor-widget-heading\" data-id=\"4042d302\" data-element_type=\"widget\" data-e-type=\"widget\" data-widget_type=\"heading.default\">\n\t\t\t\t<div class=\"elementor-widget-container\">\n\t\t\t\t\t<h1 class=\"elementor-heading-title elementor-size-default\">CINES AXION<\/h1>\t\t\t\t<\/div>\n\t\t\t\t<\/div>\n\t\t\t\t\t<\/div>\n\t\t<\/div>\n\t\t\t\t\t<\/div>\n\t\t<\/section>\n\t\t\t\t\t<\/div>\n\t\t<\/div>\n\t\t\t\t\t<\/div>\n\t\t<\/section>\n\t\t\t\t<section class=\"elementor-section elementor-top-section elementor-element elementor-element-199797c6 elementor-section-stretched elementor-section-boxed elementor-section-height-default elementor-section-height-default\" data-id=\"199797c6\" data-element_type=\"section\" data-e-type=\"section\" data-settings=\"{&quot;stretch_section&quot;:&quot;section-stretched&quot;}\">\n\t\t\t\t\t\t<div class=\"elementor-container elementor-column-gap-wider\">\n\t\t\t\t\t<div class=\"elementor-column elementor-col-100 elementor-top-column elementor-element elementor-element-3a9b00da\" data-id=\"3a9b00da\" data-element_type=\"column\" data-e-type=\"column\">\n\t\t\t<div class=\"elementor-widget-wrap elementor-element-populated\">\n\t\t\t\t\t\t<section class=\"elementor-section elementor-inner-section elementor-element elementor-element-199078e0 elementor-section-boxed elementor-section-height-default elementor-section-height-default\" data-id=\"199078e0\" data-element_type=\"section\" data-e-type=\"section\">\n\t\t\t\t\t\t<div class=\"elementor-container elementor-column-gap-default\">\n\t\t\t\t\t<div class=\"elementor-column elementor-col-100 elementor-inner-column elementor-element elementor-element-3051c10f\" data-id=\"3051c10f\" data-element_type=\"column\" data-e-type=\"column\">\n\t\t\t<div class=\"elementor-widget-wrap elementor-element-populated\">\n\t\t\t\t\t\t<div class=\"elementor-element elementor-element-20fa9ee6 elementor-widget__width-initial elementor-widget elementor-widget-heading\" data-id=\"20fa9ee6\" data-element_type=\"widget\" data-e-type=\"widget\" data-widget_type=\"heading.default\">\n\t\t\t\t<div class=\"elementor-widget-container\">\n\t\t\t\t\t<h5 class=\"elementor-heading-title elementor-size-default\">Sum\u00e9rgete en el emocionante mundo del cine en nuestro centro comercial. Disfruta de las \u00faltimas pel\u00edculas en nuestras modernas salas de cine equipadas con tecnolog\u00eda de vanguardia. Desde emocionantes blockbusters hasta pel\u00edculas independientes, ofrecemos una experiencia cinematogr\u00e1fica incomparable para toda la familia. \n<br>Descubre la magia del cine y crea recuerdos inolvidables con nosotros.<\/h5>\t\t\t\t<\/div>\n\t\t\t\t<\/div>\n\t\t\t\t\t<\/div>\n\t\t<\/div>\n\t\t\t\t\t<\/div>\n\t\t<\/section>\n\t\t\t\t<div class=\"elementor-element elementor-element-4dc0e3 elementor-widget elementor-widget-text-editor\" data-id=\"4dc0e3\" data-element_type=\"widget\" data-e-type=\"widget\" data-widget_type=\"text-editor.default\">\n\t\t\t\t<div class=\"elementor-widget-container\">\n\t\t\t\t\t\t\t\t\t<p>NOVEDAD: Nueva Sala 3D<\/p>\t\t\t\t\t\t\t\t<\/div>\n\t\t\t\t<\/div>\n\t\t\t\t<div class=\"elementor-element elementor-element-409d4363 elementor-align-center elementor-widget elementor-widget-button\" data-id=\"409d4363\" data-element_type=\"widget\" data-e-type=\"widget\" data-widget_type=\"button.default\">\n\t\t\t\t<div class=\"elementor-widget-container\">\n\t\t\t\t\t\t\t\t\t<div class=\"elementor-button-wrapper\">\n\t\t\t\t\t<a class=\"elementor-button elementor-button-link elementor-size-md\" href=\"http:\/\/www.cinesaxion.com\/reus\/\" target=\"_blank\" rel=\"noopener\">\n\t\t\t\t\t\t<span class=\"elementor-button-content-wrapper\">\n\t\t\t\t\t\t\t\t\t<span class=\"elementor-button-text\">VER CARTELERA<\/span>\n\t\t\t\t\t<\/span>\n\t\t\t\t\t<\/a>\n\t\t\t\t<\/div>\n\t\t\t\t\t\t\t\t<\/div>\n\t\t\t\t<\/div>\n\t\t\t\t<div class=\"elementor-element elementor-element-76413916 elementor-widget elementor-widget-text-editor\" data-id=\"76413916\" data-element_type=\"widget\" data-e-type=\"widget\" data-widget_type=\"text-editor.default\">\n\t\t\t\t<div class=\"elementor-widget-container\">\n\t\t\t\t\t\t\t\t\t<p>HORARIOS<\/p><p>De lunes a domingo.<\/p><p>De 16:00h a 00:00h.<\/p>\t\t\t\t\t\t\t\t<\/div>\n\t\t\t\t<\/div>\n\t\t\t\t\t<\/div>\n\t\t<\/div>\n\t\t\t\t\t<\/div>\n\t\t<\/section>\n\t\t\t\t<section class=\"elementor-section elementor-top-section elementor-element elementor-element-30d3c8ac elementor-section-boxed elementor-section-height-default elementor-section-height-default\" data-id=\"30d3c8ac\" data-element_type=\"section\" data-e-type=\"section\">\n\t\t\t\t\t\t<div class=\"elementor-container elementor-column-gap-default\">\n\t\t\t\t\t<div class=\"elementor-column elementor-col-33 elementor-top-column elementor-element elementor-element-6e95369c\" data-id=\"6e95369c\" data-element_type=\"column\" data-e-type=\"column\">\n\t\t\t<div class=\"elementor-widget-wrap\">\n\t\t\t\t\t\t\t<\/div>\n\t\t<\/div>\n\t\t\t\t<div class=\"elementor-column elementor-col-33 elementor-top-column elementor-element elementor-element-364b54d7\" data-id=\"364b54d7\" data-element_type=\"column\" data-e-type=\"column\">\n\t\t\t<div class=\"elementor-widget-wrap elementor-element-populated\">\n\t\t\t\t\t\t<div class=\"elementor-element elementor-element-6470f41e elementor-widget elementor-widget-text-editor\" data-id=\"6470f41e\" data-element_type=\"widget\" data-e-type=\"widget\" data-widget_type=\"text-editor.default\">\n\t\t\t\t<div class=\"elementor-widget-container\">\n\t\t\t\t\t\t\t\t\t<p>PLANTA 2<\/p>\t\t\t\t\t\t\t\t<\/div>\n\t\t\t\t<\/div>\n\t\t\t\t<div class=\"elementor-element elementor-element-56d36fa4 elementor-widget elementor-widget-image\" data-id=\"56d36fa4\" data-element_type=\"widget\" data-e-type=\"widget\" data-widget_type=\"image.default\">\n\t\t\t\t<div class=\"elementor-widget-container\">\n\t\t\t\t\t\t\t\t\t\t\t\t\t\t\t<img fetchpriority=\"high\" decoding=\"async\" width=\"1200\" height=\"806\" src=\"https:\/\/www.lafiracentrecomercial.com\/wp-content\/uploads\/2023\/06\/08-Mapa-CINE-1200x806.png\" class=\"attachment-large size-large wp-image-1347\" alt=\"plano cines\" srcset=\"https:\/\/www.lafiracentrecomercial.com\/wp-content\/uploads\/2023\/06\/08-Mapa-CINE-1200x806.png 1200w, https:\/\/www.lafiracentrecomercial.com\/wp-content\/uploads\/2023\/06\/08-Mapa-CINE-500x336.png 500w, https:\/\/www.lafiracentrecomercial.com\/wp-content\/uploads\/2023\/06\/08-Mapa-CINE-300x202.png 300w, https:\/\/www.lafiracentrecomercial.com\/wp-content\/uploads\/2023\/06\/08-Mapa-CINE-768x516.png 768w, https:\/\/www.lafiracentrecomercial.com\/wp-content\/uploads\/2023\/06\/08-Mapa-CINE-112x75.png 112w, https:\/\/www.lafiracentrecomercial.com\/wp-content\/uploads\/2023\/06\/08-Mapa-CINE-480x322.png 480w, https:\/\/www.lafiracentrecomercial.com\/wp-content\/uploads\/2023\/06\/08-Mapa-CINE.png 1459w\" sizes=\"(max-width:767px) 480px, (max-width:1200px) 100vw, 1200px\" \/>\t\t\t\t\t\t\t\t\t\t\t\t\t\t\t<\/div>\n\t\t\t\t<\/div>\n\t\t\t\t<div class=\"elementor-element elementor-element-b3a1dfd elementor-widget elementor-widget-spacer\" data-id=\"b3a1dfd\" data-element_type=\"widget\" data-e-type=\"widget\" data-widget_type=\"spacer.default\">\n\t\t\t\t<div class=\"elementor-widget-container\">\n\t\t\t\t\t\t\t<div class=\"elementor-spacer\">\n\t\t\t<div class=\"elementor-spacer-inner\"><\/div>\n\t\t<\/div>\n\t\t\t\t\t\t<\/div>\n\t\t\t\t<\/div>\n\t\t\t\t\t<\/div>\n\t\t<\/div>\n\t\t\t\t<div class=\"elementor-column elementor-col-33 elementor-top-column elementor-element elementor-element-1ce62520\" data-id=\"1ce62520\" data-element_type=\"column\" data-e-type=\"column\">\n\t\t\t<div class=\"elementor-widget-wrap\">\n\t\t\t\t\t\t\t<\/div>\n\t\t<\/div>\n\t\t\t\t\t<\/div>\n\t\t<\/section>\n\t\t\t\t<\/div>\n\t\t","protected":false},"excerpt":{"rendered":"<p>CINES AXION Sum\u00e9rgete en el emocionante mundo del cine en nuestro centro comercial. Disfruta de las \u00faltimas pel\u00edculas en nuestras modernas salas de cine equipadas con<span class=\"excerpt-hellip\"> [\u2026]<\/span><\/p>\n","protected":false},"author":1,"featured_media":0,"parent":0,"menu_order":0,"comment_status":"closed","ping_status":"closed","template":"","meta":{"footnotes":""},"class_list":["post-1115","page","type-page","status-publish","hentry"],"publishpress_future_workflow_manual_trigger":{"enabledWorkflows":[]},"_links":{"self":[{"href":"https:\/\/www.lafiracentrecomercial.com\/es\/wp-json\/wp\/v2\/pages\/1115","targetHints":{"allow":["GET"]}}],"collection":[{"href":"https:\/\/www.lafiracentrecomercial.com\/es\/wp-json\/wp\/v2\/pages"}],"about":[{"href":"https:\/\/www.lafiracentrecomercial.com\/es\/wp-json\/wp\/v2\/types\/page"}],"author":[{"embeddable":true,"href":"https:\/\/www.lafiracentrecomercial.com\/es\/wp-json\/wp\/v2\/users\/1"}],"replies":[{"embeddable":true,"href":"https:\/\/www.lafiracentrecomercial.com\/es\/wp-json\/wp\/v2\/comments?post=1115"}],"version-history":[{"count":23,"href":"https:\/\/www.lafiracentrecomercial.com\/es\/wp-json\/wp\/v2\/pages\/1115\/revisions"}],"predecessor-version":[{"id":5068,"href":"https:\/\/www.lafiracentrecomercial.com\/es\/wp-json\/wp\/v2\/pages\/1115\/revisions\/5068"}],"wp:attachment":[{"href":"https:\/\/www.lafiracentrecomercial.com\/es\/wp-json\/wp\/v2\/media?parent=1115"}],"curies":[{"name":"wp","href":"https:\/\/api.w.org\/{rel}","templated":true}]}}