{"id":1133,"date":"2023-06-27T11:08:39","date_gmt":"2023-06-27T11:08:39","guid":{"rendered":"https:\/\/www.lafiracentrecomercial.com\/?page_id=1133"},"modified":"2024-10-29T09:07:25","modified_gmt":"2024-10-29T09:07:25","slug":"rsc","status":"publish","type":"page","link":"https:\/\/www.lafiracentrecomercial.com\/es\/rsc\/","title":{"rendered":"RSC"},"content":{"rendered":"\t\t<div data-elementor-type=\"wp-page\" data-elementor-id=\"1133\" class=\"elementor elementor-1133\">\n\t\t\t\t\t\t<section class=\"elementor-section elementor-top-section elementor-element elementor-element-53b53cc1 elementor-section-stretched elementor-section-full_width elementor-section-height-default elementor-section-height-default\" data-id=\"53b53cc1\" data-element_type=\"section\" data-e-type=\"section\" data-settings=\"{&quot;stretch_section&quot;:&quot;section-stretched&quot;,&quot;background_background&quot;:&quot;classic&quot;}\">\n\t\t\t\t\t\t<div class=\"elementor-container elementor-column-gap-wider\">\n\t\t\t\t\t<div class=\"elementor-column elementor-col-100 elementor-top-column elementor-element elementor-element-6b0432c9\" data-id=\"6b0432c9\" data-element_type=\"column\" data-e-type=\"column\">\n\t\t\t<div class=\"elementor-widget-wrap elementor-element-populated\">\n\t\t\t\t\t\t<div class=\"elementor-element elementor-element-5a008845 elementor-widget elementor-widget-spacer\" data-id=\"5a008845\" data-element_type=\"widget\" data-e-type=\"widget\" data-widget_type=\"spacer.default\">\n\t\t\t\t<div class=\"elementor-widget-container\">\n\t\t\t\t\t\t\t<div class=\"elementor-spacer\">\n\t\t\t<div class=\"elementor-spacer-inner\"><\/div>\n\t\t<\/div>\n\t\t\t\t\t\t<\/div>\n\t\t\t\t<\/div>\n\t\t\t\t\t<\/div>\n\t\t<\/div>\n\t\t\t\t\t<\/div>\n\t\t<\/section>\n\t\t\t\t<section class=\"elementor-section elementor-top-section elementor-element elementor-element-173970a2 elementor-section-stretched elementor-section-boxed elementor-section-height-default elementor-section-height-default\" data-id=\"173970a2\" data-element_type=\"section\" data-e-type=\"section\" data-settings=\"{&quot;stretch_section&quot;:&quot;section-stretched&quot;,&quot;background_background&quot;:&quot;classic&quot;}\">\n\t\t\t\t\t\t<div class=\"elementor-container elementor-column-gap-default\">\n\t\t\t\t\t<div class=\"elementor-column elementor-col-14 elementor-top-column elementor-element elementor-element-17449fab\" data-id=\"17449fab\" data-element_type=\"column\" data-e-type=\"column\">\n\t\t\t<div class=\"elementor-widget-wrap\">\n\t\t\t\t\t\t\t<\/div>\n\t\t<\/div>\n\t\t\t\t<div class=\"elementor-column elementor-col-14 elementor-top-column elementor-element elementor-element-27d18c47\" data-id=\"27d18c47\" data-element_type=\"column\" data-e-type=\"column\" data-settings=\"{&quot;background_background&quot;:&quot;classic&quot;}\">\n\t\t\t<div class=\"elementor-widget-wrap elementor-element-populated\">\n\t\t\t\t\t\t<div class=\"elementor-element elementor-element-6fd764ee elementor-widget elementor-widget-text-editor\" data-id=\"6fd764ee\" data-element_type=\"widget\" data-e-type=\"widget\" data-widget_type=\"text-editor.default\">\n\t\t\t\t<div class=\"elementor-widget-container\">\n\t\t\t\t\t\t\t\t\t<p><a href=\"https:\/\/www.lafiracentrecomercial.com\/es\/sobre-la-fira\/\">Sobre La Fira<\/a><\/p>\t\t\t\t\t\t\t\t<\/div>\n\t\t\t\t<\/div>\n\t\t\t\t\t<\/div>\n\t\t<\/div>\n\t\t\t\t<div class=\"elementor-column elementor-col-14 elementor-top-column elementor-element elementor-element-32ad368e\" data-id=\"32ad368e\" data-element_type=\"column\" data-e-type=\"column\">\n\t\t\t<div class=\"elementor-widget-wrap elementor-element-populated\">\n\t\t\t\t\t\t<div class=\"elementor-element elementor-element-51e196d5 elementor-widget elementor-widget-text-editor\" data-id=\"51e196d5\" data-element_type=\"widget\" data-e-type=\"widget\" data-widget_type=\"text-editor.default\">\n\t\t\t\t<div class=\"elementor-widget-container\">\n\t\t\t\t\t\t\t\t\t<p><a href=\"https:\/\/www.lafiracentrecomercial.com\/es\/tu-negocio-aqui\/\">Tu negocio aqu\u00ed<\/a><\/p>\t\t\t\t\t\t\t\t<\/div>\n\t\t\t\t<\/div>\n\t\t\t\t\t<\/div>\n\t\t<\/div>\n\t\t\t\t<div class=\"elementor-column elementor-col-14 elementor-top-column elementor-element elementor-element-d4c667d\" data-id=\"d4c667d\" data-element_type=\"column\" data-e-type=\"column\">\n\t\t\t<div class=\"elementor-widget-wrap elementor-element-populated\">\n\t\t\t\t\t\t<div class=\"elementor-element elementor-element-1f3f76c3 elementor-widget elementor-widget-text-editor\" data-id=\"1f3f76c3\" data-element_type=\"widget\" data-e-type=\"widget\" data-widget_type=\"text-editor.default\">\n\t\t\t\t<div class=\"elementor-widget-container\">\n\t\t\t\t\t\t\t\t\t<p><a href=\"https:\/\/www.lafiracentrecomercial.com\/es\/como-llegar\/\">\u00bfC\u00f3mo llegar?<\/a><\/p>\t\t\t\t\t\t\t\t<\/div>\n\t\t\t\t<\/div>\n\t\t\t\t\t<\/div>\n\t\t<\/div>\n\t\t\t\t<div class=\"elementor-column elementor-col-14 elementor-top-column elementor-element elementor-element-422f0043\" data-id=\"422f0043\" data-element_type=\"column\" data-e-type=\"column\" data-settings=\"{&quot;background_background&quot;:&quot;classic&quot;}\">\n\t\t\t<div class=\"elementor-widget-wrap elementor-element-populated\">\n\t\t\t\t\t\t<div class=\"elementor-element elementor-element-3e54bbd8 elementor-widget elementor-widget-text-editor\" data-id=\"3e54bbd8\" data-element_type=\"widget\" data-e-type=\"widget\" data-widget_type=\"text-editor.default\">\n\t\t\t\t<div class=\"elementor-widget-container\">\n\t\t\t\t\t\t\t\t\t<p>RSC<\/p>\t\t\t\t\t\t\t\t<\/div>\n\t\t\t\t<\/div>\n\t\t\t\t\t<\/div>\n\t\t<\/div>\n\t\t\t\t<div class=\"elementor-column elementor-col-14 elementor-top-column elementor-element elementor-element-1ea1f05\" data-id=\"1ea1f05\" data-element_type=\"column\" data-e-type=\"column\">\n\t\t\t<div class=\"elementor-widget-wrap elementor-element-populated\">\n\t\t\t\t\t\t<div class=\"elementor-element elementor-element-4e0043c4 elementor-widget elementor-widget-text-editor\" data-id=\"4e0043c4\" data-element_type=\"widget\" data-e-type=\"widget\" data-widget_type=\"text-editor.default\">\n\t\t\t\t<div class=\"elementor-widget-container\">\n\t\t\t\t\t\t\t\t\t<p><a href=\"https:\/\/www.lafiracentrecomercial.com\/es\/contacto\/\">Contacto<\/a><\/p>\t\t\t\t\t\t\t\t<\/div>\n\t\t\t\t<\/div>\n\t\t\t\t\t<\/div>\n\t\t<\/div>\n\t\t\t\t<div class=\"elementor-column elementor-col-14 elementor-top-column elementor-element elementor-element-4c3b3d8d\" data-id=\"4c3b3d8d\" data-element_type=\"column\" data-e-type=\"column\">\n\t\t\t<div class=\"elementor-widget-wrap\">\n\t\t\t\t\t\t\t<\/div>\n\t\t<\/div>\n\t\t\t\t\t<\/div>\n\t\t<\/section>\n\t\t\t\t<section class=\"elementor-section elementor-top-section elementor-element elementor-element-78c87ebf elementor-section-boxed elementor-section-height-default elementor-section-height-default\" data-id=\"78c87ebf\" data-element_type=\"section\" data-e-type=\"section\">\n\t\t\t\t\t\t<div class=\"elementor-container elementor-column-gap-default\">\n\t\t\t\t\t<div class=\"elementor-column elementor-col-100 elementor-top-column elementor-element elementor-element-57ede0b9\" data-id=\"57ede0b9\" data-element_type=\"column\" data-e-type=\"column\">\n\t\t\t<div class=\"elementor-widget-wrap elementor-element-populated\">\n\t\t\t\t\t\t<div class=\"elementor-element elementor-element-70943298 elementor-widget elementor-widget-spacer\" data-id=\"70943298\" data-element_type=\"widget\" data-e-type=\"widget\" data-widget_type=\"spacer.default\">\n\t\t\t\t<div class=\"elementor-widget-container\">\n\t\t\t\t\t\t\t<div class=\"elementor-spacer\">\n\t\t\t<div class=\"elementor-spacer-inner\"><\/div>\n\t\t<\/div>\n\t\t\t\t\t\t<\/div>\n\t\t\t\t<\/div>\n\t\t\t\t<div class=\"elementor-element elementor-element-2fe070fa elementor-widget elementor-widget-heading\" data-id=\"2fe070fa\" data-element_type=\"widget\" data-e-type=\"widget\" data-widget_type=\"heading.default\">\n\t\t\t\t<div class=\"elementor-widget-container\">\n\t\t\t\t\t<h2 class=\"elementor-heading-title elementor-size-default\">Compromiso<\/h2>\t\t\t\t<\/div>\n\t\t\t\t<\/div>\n\t\t\t\t<div class=\"elementor-element elementor-element-a556fdb elementor-widget elementor-widget-text-editor\" data-id=\"a556fdb\" data-element_type=\"widget\" data-e-type=\"widget\" data-widget_type=\"text-editor.default\">\n\t\t\t\t<div class=\"elementor-widget-container\">\n\t\t\t\t\t\t\t\t\t<p>En La Fira Centre Comercial estamos comprometidos con <strong>la seguridad y bienestar de nuestros visitantes y trabajadores, con nuestra comunidad local y con el medio ambiente<\/strong>. Por esta raz\u00f3n, trabajamos a\u00f1o tras a\u00f1o en varias iniciativas y acciones de responsabilidad social. Nuestro objetivo es generar un impacto positivo como empresa de referencia en nuestra zona.<\/p><p>Algunos ejemplos son los siguientes:<\/p><p>\u00a0<\/p><h4>\u00a0\u00a0\u00a0\u00a0\u00a0\u00a0\u00a0\u00a0\u00a0\u00a0\u00a0 <strong>Obtenci\u00f3n del certificado de excelencia en el Protocolo AIS-COVID por parte de la Fundaci\u00f3n ARS (Fundaci\u00f3n para la Accesibilidad y la Responsabilidad Social).<\/strong><\/h4><p>Esto ha sido posible gracias a las medidas de seguridad e higiene que hemos implementado en el Centro Comercial y a los esfuerzos de nuestro personal y clientes para mantener un espacio seguro.<\/p><p>Entre estas medidas destacan: maximizar la higiene y desinfecci\u00f3n de zonas comunes, instalar dispensadores de gel antis\u00e9ptico, controlar el aforo del Centro Comercial en tiempo real, esterilizar el aire mediante un sistema purificador de luz UVA, reforzar la ventilaci\u00f3n natural o equipar el Centro con recomendaciones de seguridad, entre otras.<\/p><p>\u00a0<\/p><h4>\u00a0\u00a0\u00a0\u00a0\u00a0\u00a0\u00a0\u00a0\u00a0\u00a0\u00a0 <strong>Acciones de Responsabilidad Social Corporativa a las que La Fira se suma a\u00f1o tras a\u00f1<\/strong><strong>o.<\/strong><\/h4><p>Por ejemplo: aquellas acciones destinadas a fomentar el empleo y la formaci\u00f3n, apoyo a la divulgaci\u00f3n del conocimiento, cesiones de espacio gratuitas y aportaciones para que entidades de acci\u00f3n social puedan llevar a cabo labores de concienciaci\u00f3n, adem\u00e1s de donativos y acciones colaborativas con hospitales de la zona.<\/p><p>\u00a0<\/p><h4>\u00a0\u00a0\u00a0\u00a0\u00a0\u00a0\u00a0\u00a0\u00a0\u00a0\u00a0 <strong>Compromiso con el cumplimiento de los objetivos recogidos en nuestro Manual de Buenas Pr\u00e1<\/strong><strong>cticas.<\/strong><\/h4><p>Trabajamos en alinear nuestros objetivos estrat\u00e9gicos con nuestros principios \u00e9ticos, por lo que hemos trazado unas pautas de trabajo manifestadas en nuestro Manual de Buenas Pr\u00e1cticas. Esta gu\u00eda resume los principales aspectos del compromiso al que nos adherimos todos los que formamos parte de la compa\u00f1\u00eda como:<\/p><ul><li>Disminuir el consumo de recursos naturales y materias primas.<\/li><li>Minimizar la producci\u00f3n de residuos.<\/li><li>Evitar la contaminaci\u00f3n accidental.<\/li><li>Disminuir costes.<\/li><li>Mejorar la gesti\u00f3n ambiental de la organizaci\u00f3n.<\/li><\/ul><p>Accede al <a href=\"http:\/\/www.lafiracentrecomercial.com\/wp-content\/uploads\/2023\/06\/manual_de_buenas_practicas.pdf\" target=\"_blank\" rel=\"noopener\"><u>Manual de Buenas Pr\u00e1cticas<\/u><\/a> para entender nuestro compromiso.\u00a0<\/p>\t\t\t\t\t\t\t\t<\/div>\n\t\t\t\t<\/div>\n\t\t\t\t\t<\/div>\n\t\t<\/div>\n\t\t\t\t\t<\/div>\n\t\t<\/section>\n\t\t\t\t<section class=\"elementor-section elementor-top-section elementor-element elementor-element-933fe66 elementor-section-boxed elementor-section-height-default elementor-section-height-default\" data-id=\"933fe66\" data-element_type=\"section\" data-e-type=\"section\">\n\t\t\t\t\t\t<div class=\"elementor-container elementor-column-gap-default\">\n\t\t\t\t\t<div class=\"elementor-column elementor-col-50 elementor-top-column elementor-element elementor-element-eafc68a\" data-id=\"eafc68a\" data-element_type=\"column\" data-e-type=\"column\">\n\t\t\t<div class=\"elementor-widget-wrap elementor-element-populated\">\n\t\t\t\t\t\t<div class=\"elementor-element elementor-element-e0e452f elementor-widget elementor-widget-text-editor\" data-id=\"e0e452f\" data-element_type=\"widget\" data-e-type=\"widget\" data-widget_type=\"text-editor.default\">\n\t\t\t\t<div class=\"elementor-widget-container\">\n\t\t\t\t\t\t\t\t\t<h4><strong>\u00a0 \u00a0 \u00a0 \u00a0 \u00a0Obtenci\u00f3n del certificado BREEAM\u00ae ES En Uso.<\/strong><\/h4><p>Hemos obtenido el certificado BREEAM\u00ae ES En con la distinci\u00f3n \u201cMuy Bueno\u201d, lo cual avala la sostenibilidad ambiental de nuestro Centro Comercial y de la gesti\u00f3n del mismo. Esto ratifica nuestro compromiso con el medio ambiente y con el planeta.<\/p><p>\u00a0<\/p><h4>\u00a0\u00a0\u00a0\u00a0\u00a0\u00a0\u00a0\u00a0\u00a0<strong>Obtenci\u00f3n del certificado AIS de accesibilidad con 5 estrellas.<\/strong><\/h4><p>El Sistema Indicador de Accesibilidad (AIS) es un sistema de certificaci\u00f3n internacional para la incorporaci\u00f3n del dise\u00f1o y gesti\u00f3n para todos, sobre par\u00e1metros de usabilidad, confort, seguridad y diversidad.<\/p><p>El edificio de La Fira Centre Comercial, tanto por su arquitectura (accesos, itinerarios horizontales), como por su su gesti\u00f3n (comunicaci\u00f3n, informaci\u00f3n, servicios), ha obtenido el grado m\u00e1ximo de 5 estrellas en accesibilidad.<\/p>\t\t\t\t\t\t\t\t<\/div>\n\t\t\t\t<\/div>\n\t\t\t\t\t<\/div>\n\t\t<\/div>\n\t\t\t\t<div class=\"elementor-column elementor-col-50 elementor-top-column elementor-element elementor-element-761a2ee\" data-id=\"761a2ee\" data-element_type=\"column\" data-e-type=\"column\">\n\t\t\t<div class=\"elementor-widget-wrap elementor-element-populated\">\n\t\t\t\t\t\t<div class=\"elementor-element elementor-element-87b141e elementor-widget elementor-widget-image\" data-id=\"87b141e\" data-element_type=\"widget\" data-e-type=\"widget\" data-widget_type=\"image.default\">\n\t\t\t\t<div class=\"elementor-widget-container\">\n\t\t\t\t\t\t\t\t\t\t\t\t\t\t\t<img fetchpriority=\"high\" decoding=\"async\" width=\"706\" height=\"497\" src=\"https:\/\/www.lafiracentrecomercial.com\/wp-content\/uploads\/2023\/06\/FOTO-1.jpg\" class=\"attachment-large size-large wp-image-1215\" alt=\"rsc\" srcset=\"https:\/\/www.lafiracentrecomercial.com\/wp-content\/uploads\/2023\/06\/FOTO-1.jpg 706w, https:\/\/www.lafiracentrecomercial.com\/wp-content\/uploads\/2023\/06\/FOTO-1-500x352.jpg 500w, https:\/\/www.lafiracentrecomercial.com\/wp-content\/uploads\/2023\/06\/FOTO-1-300x211.jpg 300w, https:\/\/www.lafiracentrecomercial.com\/wp-content\/uploads\/2023\/06\/FOTO-1-107x75.jpg 107w, https:\/\/www.lafiracentrecomercial.com\/wp-content\/uploads\/2023\/06\/FOTO-1-480x338.jpg 480w\" sizes=\"(max-width:767px) 480px, 706px\" \/>\t\t\t\t\t\t\t\t\t\t\t\t\t\t\t<\/div>\n\t\t\t\t<\/div>\n\t\t\t\t\t<\/div>\n\t\t<\/div>\n\t\t\t\t\t<\/div>\n\t\t<\/section>\n\t\t\t\t<section class=\"elementor-section elementor-top-section elementor-element elementor-element-163f14a elementor-section-boxed elementor-section-height-default elementor-section-height-default\" data-id=\"163f14a\" data-element_type=\"section\" data-e-type=\"section\">\n\t\t\t\t\t\t<div class=\"elementor-container elementor-column-gap-default\">\n\t\t\t\t\t<div class=\"elementor-column elementor-col-100 elementor-top-column elementor-element elementor-element-020d77f\" data-id=\"020d77f\" data-element_type=\"column\" data-e-type=\"column\">\n\t\t\t<div class=\"elementor-widget-wrap elementor-element-populated\">\n\t\t\t\t\t\t<div class=\"elementor-element elementor-element-af6f459 elementor-widget elementor-widget-heading\" data-id=\"af6f459\" data-element_type=\"widget\" data-e-type=\"widget\" data-widget_type=\"heading.default\">\n\t\t\t\t<div class=\"elementor-widget-container\">\n\t\t\t\t\t<h2 class=\"elementor-heading-title elementor-size-default\">Sostenibilidad<\/h2>\t\t\t\t<\/div>\n\t\t\t\t<\/div>\n\t\t\t\t<div class=\"elementor-element elementor-element-b186843 elementor-widget elementor-widget-text-editor\" data-id=\"b186843\" data-element_type=\"widget\" data-e-type=\"widget\" data-widget_type=\"text-editor.default\">\n\t\t\t\t<div class=\"elementor-widget-container\">\n\t\t\t\t\t\t\t\t\t<p>Como Centro Comercial de referencia en la zona, somos conscientes de nuestra responsabilidad con nuestro entorno y con las personas que nos rodean. M\u00e1s all\u00e1 de nuestra actividad, nos comprometemos con cinco objetivos de sostenibilidad y medioambiente recogidos en nuestro Manual de Buenas Pr\u00e1cticas. Entre estas acciones dedicadas a cumplir nuestros objetivos de sostenibilidad social y ambiental, destacamos:\u00a0<\/p><h4>\u00a0\u00a0\u00a0\u00a0\u00a0\u00a0\u00a0\u00a0\u00a0\u00a0\u00a0 <strong>Energ\u00edas renovables<\/strong><\/h4><p>El edificio de La Fira cuenta con instalaciones fotovoltaicas y solar t\u00e9rmicas, destinadas al aprovechamiento de energ\u00edas renovables para la generaci\u00f3n de energ\u00eda y producci\u00f3n de agua caliente.<\/p><p>La planta fotovoltaica supone una producci\u00f3n de energ\u00eda el\u00e9ctrica para autoconsumo muy importante y con repercusi\u00f3n medioambiental. Solo en 2021, se produjeron 120.565 kWh, lo que suponen un total de 33.977kg\/CO2 no emitidos a la atm\u00f3sfera.<\/p><p>El ahorro de agua conseguido gracias a la energ\u00eda fotovoltaica es equivalente a 167.586 m3, es decir, con el agua que se ahorra, se podr\u00edan llenar 67 piscinas ol\u00edmpicas. Adem\u00e1s, la suma de la energ\u00eda producida por nuestra instalaci\u00f3n podr\u00eda abastecer el equivalente a 8.539 hogares.<\/p><p>A su vez, nuestra instalaci\u00f3n solar t\u00e9rmica calienta el agua del circuito que abastece a los locales de restauraci\u00f3n, lavabos p\u00fablicos, salas de lactancia, comedor y vestuarios del personal.<\/p><h4>\u00a0\u00a0\u00a0\u00a0\u00a0\u00a0\u00a0\u00a0\u00a0\u00a0\u00a0 <strong>Iluminaci\u00f3n<\/strong><\/h4><p>La gran mayor\u00eda de los equipos de iluminaci\u00f3n de nuestro Centro Comercial utilizan tecnolog\u00eda tipo LED, incluso en zonas de servicio.\u00a0<\/p><p>Por lo general, en los pasillos de evacuaci\u00f3n se utilizan sensores de presencia para conmutar el encendido del alumbrado.<\/p><p>Adem\u00e1s, y para contribuir a la eficiencia energ\u00e9tica, toda la iluminaci\u00f3n del Centro cuenta con una programaci\u00f3n controlada por un sistema de gesti\u00f3n t\u00e9cnica SCADA, que se revisa semanalmente.<\/p><h4>\u00a0\u00a0\u00a0\u00a0\u00a0\u00a0\u00a0\u00a0\u00a0\u00a0\u00a0 <strong>Climatizaci\u00f3n<\/strong><\/h4><p>La galer\u00eda del Centro Comercial no est\u00e1 climatizada al ser un centro semiabierto ya que el edificio tiene la voluntad de integrarse como una nueva calle urbana y comercial.<\/p><p>Por otro lado, algunas \u00e1reas del centro comercial que s\u00ed est\u00e1n climatizadas, como las oficinas de gerencia, ya se dise\u00f1aron en origen para cumplir un estricto protocolo medioambiental y de ahorro energ\u00e9tico. Nuestro protocolo automatiza temperatura y humedad, y nos permite revisar esta programaci\u00f3n para adaptarla a las necesidades de ocupaci\u00f3n de la estancia. Por tanto, ya cumplimos con los requisitos especificados en el reciente Real Decreto-ley 14\/2022, de 1 de agosto.<\/p><h4><strong>\u00a0\u00a0\u00a0\u00a0\u00a0\u00a0\u00a0\u00a0\u00a0\u00a0\u00a0 Agua sanitaria<\/strong><\/h4><p>Para las descargas de WC y urinarios, se utilizan flux\u00f3metros autom\u00e1ticos y de bajo caudal. Adem\u00e1s, los grifos de los lavamanos son temporizados.<\/p><h4>\u00a0\u00a0\u00a0\u00a0\u00a0\u00a0\u00a0\u00a0\u00a0\u00a0\u00a0 <strong>Gesti\u00f3n de residuos<\/strong><\/h4><p>Segregaci\u00f3n en origen de los diferentes residuos\u00a0generados por los operadores asimilables a urbanos, revalorizables, fracci\u00f3n org\u00e1nica, RAEE y peligrosos.<\/p><p>Dado el tipo de actividades\u00a0que se\u00a0desarrollan en el Centro Comercial, los residuos peligrosos generados son muy limitados y tratados conforme a la legislaci\u00f3n.<\/p><p>Tambi\u00e9n se realiza un seguimiento del destino final de los diferentes residuos y de su tratamiento de reciclaje.<\/p><h4>\u00a0\u00a0\u00a0\u00a0\u00a0\u00a0\u00a0\u00a0\u00a0\u00a0\u00a0 <strong>Veh\u00edculos el<\/strong><strong>\u00e9ctricos<\/strong><\/h4><p>Con\u00a04 puntos de recarga ubicados en nuestro\u00a0aparcamiento, nos sumamos a la red municipal de estaciones de recarga para veh\u00edculos el\u00e9ctricos de Reus.\u00a0Tambi\u00e9n estamos a\u00f1adiendo estaciones de carga de veh\u00edculos alternativos, como los patinetes, para favorecer la movilidad sostenible.<\/p><h4>\u00a0\u00a0\u00a0\u00a0\u00a0\u00a0\u00a0\u00a0\u00a0\u00a0\u00a0 <strong>Certificado BREEAM\u00ae ES En Uso<\/strong><\/h4><p>Renovaci\u00f3n en 2024 del certificado BREEAM\u00ae ES En Uso con la distinci\u00f3n de \u201cMuy Bueno\u201d. Este es un esquema de evaluaci\u00f3n que certifica la sostenibilidad ambiental del edificio de La Fira Centre Comercial y de la gesti\u00f3n del mismo: <a href=\"https:\/\/breeam.es\/esquema-certificacion-breeam-en-uso\/\" target=\"_blank\" rel=\"noopener\">https:\/\/breeam.es\/esquema-certificacion-breeam-en-uso\/<\/a><\/p>\t\t\t\t\t\t\t\t<\/div>\n\t\t\t\t<\/div>\n\t\t\t\t<div class=\"elementor-element elementor-element-87f147a elementor-align-center elementor-widget elementor-widget-button\" data-id=\"87f147a\" data-element_type=\"widget\" data-e-type=\"widget\" data-widget_type=\"button.default\">\n\t\t\t\t<div class=\"elementor-widget-container\">\n\t\t\t\t\t\t\t\t\t<div class=\"elementor-button-wrapper\">\n\t\t\t\t\t<a class=\"elementor-button elementor-button-link elementor-size-lg\" href=\"http:\/\/www.lafiracentrecomercial.com\/wp-content\/uploads\/2023\/06\/manual_de_buenas_practicas.pdf\">\n\t\t\t\t\t\t<span class=\"elementor-button-content-wrapper\">\n\t\t\t\t\t\t\t\t\t<span class=\"elementor-button-text\">DESCARGA NUESTRO MANUAL DE BUENAS PR\u00c1CTICAS<\/span>\n\t\t\t\t\t<\/span>\n\t\t\t\t\t<\/a>\n\t\t\t\t<\/div>\n\t\t\t\t\t\t\t\t<\/div>\n\t\t\t\t<\/div>\n\t\t\t\t\t<\/div>\n\t\t<\/div>\n\t\t\t\t\t<\/div>\n\t\t<\/section>\n\t\t\t\t<\/div>\n\t\t","protected":false},"excerpt":{"rendered":"<p>Sobre La Fira Tu negocio aqu\u00ed \u00bfC\u00f3mo llegar? RSC Contacto Compromiso En La Fira Centre Comercial estamos comprometidos con la seguridad y bienestar de nuestros visitantes<span class=\"excerpt-hellip\"> [\u2026]<\/span><\/p>\n","protected":false},"author":1,"featured_media":0,"parent":0,"menu_order":0,"comment_status":"closed","ping_status":"closed","template":"","meta":{"footnotes":""},"class_list":["post-1133","page","type-page","status-publish","hentry"],"publishpress_future_workflow_manual_trigger":{"enabledWorkflows":[]},"_links":{"self":[{"href":"https:\/\/www.lafiracentrecomercial.com\/es\/wp-json\/wp\/v2\/pages\/1133","targetHints":{"allow":["GET"]}}],"collection":[{"href":"https:\/\/www.lafiracentrecomercial.com\/es\/wp-json\/wp\/v2\/pages"}],"about":[{"href":"https:\/\/www.lafiracentrecomercial.com\/es\/wp-json\/wp\/v2\/types\/page"}],"author":[{"embeddable":true,"href":"https:\/\/www.lafiracentrecomercial.com\/es\/wp-json\/wp\/v2\/users\/1"}],"replies":[{"embeddable":true,"href":"https:\/\/www.lafiracentrecomercial.com\/es\/wp-json\/wp\/v2\/comments?post=1133"}],"version-history":[{"count":23,"href":"https:\/\/www.lafiracentrecomercial.com\/es\/wp-json\/wp\/v2\/pages\/1133\/revisions"}],"predecessor-version":[{"id":5931,"href":"https:\/\/www.lafiracentrecomercial.com\/es\/wp-json\/wp\/v2\/pages\/1133\/revisions\/5931"}],"wp:attachment":[{"href":"https:\/\/www.lafiracentrecomercial.com\/es\/wp-json\/wp\/v2\/media?parent=1133"}],"curies":[{"name":"wp","href":"https:\/\/api.w.org\/{rel}","templated":true}]}}