{"id":1137,"date":"2023-06-22T15:38:44","date_gmt":"2023-06-22T15:38:44","guid":{"rendered":"https:\/\/www.lafiracentrecomercial.com\/?page_id=1137"},"modified":"2024-01-23T07:38:51","modified_gmt":"2024-01-23T07:38:51","slug":"sobre-la-fira","status":"publish","type":"page","link":"https:\/\/www.lafiracentrecomercial.com\/es\/sobre-la-fira\/","title":{"rendered":"Sobre La Fira"},"content":{"rendered":"\t\t<div data-elementor-type=\"wp-page\" data-elementor-id=\"1137\" class=\"elementor elementor-1137 elementor-295\">\n\t\t\t\t\t\t<section class=\"elementor-section elementor-top-section elementor-element elementor-element-53c0ee35 elementor-section-stretched elementor-section-full_width elementor-section-height-default elementor-section-height-default\" data-id=\"53c0ee35\" data-element_type=\"section\" data-e-type=\"section\" data-settings=\"{&quot;stretch_section&quot;:&quot;section-stretched&quot;,&quot;background_background&quot;:&quot;classic&quot;}\">\n\t\t\t\t\t\t<div class=\"elementor-container elementor-column-gap-wider\">\n\t\t\t\t\t<div class=\"elementor-column elementor-col-100 elementor-top-column elementor-element elementor-element-69409ad6\" data-id=\"69409ad6\" data-element_type=\"column\" data-e-type=\"column\">\n\t\t\t<div class=\"elementor-widget-wrap elementor-element-populated\">\n\t\t\t\t\t\t<div class=\"elementor-element elementor-element-4f755a96 elementor-widget elementor-widget-spacer\" data-id=\"4f755a96\" data-element_type=\"widget\" data-e-type=\"widget\" data-widget_type=\"spacer.default\">\n\t\t\t\t<div class=\"elementor-widget-container\">\n\t\t\t\t\t\t\t<div class=\"elementor-spacer\">\n\t\t\t<div class=\"elementor-spacer-inner\"><\/div>\n\t\t<\/div>\n\t\t\t\t\t\t<\/div>\n\t\t\t\t<\/div>\n\t\t\t\t\t<\/div>\n\t\t<\/div>\n\t\t\t\t\t<\/div>\n\t\t<\/section>\n\t\t\t\t<section class=\"elementor-section elementor-top-section elementor-element elementor-element-1006a764 elementor-section-stretched elementor-section-boxed elementor-section-height-default elementor-section-height-default\" data-id=\"1006a764\" data-element_type=\"section\" data-e-type=\"section\" data-settings=\"{&quot;stretch_section&quot;:&quot;section-stretched&quot;,&quot;background_background&quot;:&quot;classic&quot;}\">\n\t\t\t\t\t\t<div class=\"elementor-container elementor-column-gap-default\">\n\t\t\t\t\t<div class=\"elementor-column elementor-col-14 elementor-top-column elementor-element elementor-element-5301a6ae\" data-id=\"5301a6ae\" data-element_type=\"column\" data-e-type=\"column\">\n\t\t\t<div class=\"elementor-widget-wrap\">\n\t\t\t\t\t\t\t<\/div>\n\t\t<\/div>\n\t\t\t\t<div class=\"elementor-column elementor-col-14 elementor-top-column elementor-element elementor-element-290dd6a8\" data-id=\"290dd6a8\" data-element_type=\"column\" data-e-type=\"column\" data-settings=\"{&quot;background_background&quot;:&quot;classic&quot;}\">\n\t\t\t<div class=\"elementor-widget-wrap elementor-element-populated\">\n\t\t\t\t\t\t<div class=\"elementor-element elementor-element-51de1fca elementor-widget elementor-widget-text-editor\" data-id=\"51de1fca\" data-element_type=\"widget\" data-e-type=\"widget\" data-widget_type=\"text-editor.default\">\n\t\t\t\t<div class=\"elementor-widget-container\">\n\t\t\t\t\t\t\t\t\t<p><a href=\"https:\/\/www.lafiracentrecomercial.com\/es\/sobre-la-fira\/\">Sobre La Fira<\/a><\/p>\t\t\t\t\t\t\t\t<\/div>\n\t\t\t\t<\/div>\n\t\t\t\t\t<\/div>\n\t\t<\/div>\n\t\t\t\t<div class=\"elementor-column elementor-col-14 elementor-top-column elementor-element elementor-element-6e6cbe26\" data-id=\"6e6cbe26\" data-element_type=\"column\" data-e-type=\"column\">\n\t\t\t<div class=\"elementor-widget-wrap elementor-element-populated\">\n\t\t\t\t\t\t<div class=\"elementor-element elementor-element-37a8667f elementor-widget elementor-widget-text-editor\" data-id=\"37a8667f\" data-element_type=\"widget\" data-e-type=\"widget\" data-widget_type=\"text-editor.default\">\n\t\t\t\t<div class=\"elementor-widget-container\">\n\t\t\t\t\t\t\t\t\t<p><a href=\"https:\/\/www.lafiracentrecomercial.com\/es\/tu-negocio-aqui\/\">Tu negocio aqu\u00ed<\/a><\/p>\t\t\t\t\t\t\t\t<\/div>\n\t\t\t\t<\/div>\n\t\t\t\t\t<\/div>\n\t\t<\/div>\n\t\t\t\t<div class=\"elementor-column elementor-col-14 elementor-top-column elementor-element elementor-element-75dd51c0\" data-id=\"75dd51c0\" data-element_type=\"column\" data-e-type=\"column\">\n\t\t\t<div class=\"elementor-widget-wrap elementor-element-populated\">\n\t\t\t\t\t\t<div class=\"elementor-element elementor-element-52d11b8f elementor-widget elementor-widget-text-editor\" data-id=\"52d11b8f\" data-element_type=\"widget\" data-e-type=\"widget\" data-widget_type=\"text-editor.default\">\n\t\t\t\t<div class=\"elementor-widget-container\">\n\t\t\t\t\t\t\t\t\t<p><a href=\"https:\/\/www.lafiracentrecomercial.com\/es\/como-llegar\/\">\u00bfC\u00f3mo llegar?<\/a><\/p>\t\t\t\t\t\t\t\t<\/div>\n\t\t\t\t<\/div>\n\t\t\t\t\t<\/div>\n\t\t<\/div>\n\t\t\t\t<div class=\"elementor-column elementor-col-14 elementor-top-column elementor-element elementor-element-133a1cfd\" data-id=\"133a1cfd\" data-element_type=\"column\" data-e-type=\"column\">\n\t\t\t<div class=\"elementor-widget-wrap elementor-element-populated\">\n\t\t\t\t\t\t<div class=\"elementor-element elementor-element-19b0b568 elementor-widget elementor-widget-text-editor\" data-id=\"19b0b568\" data-element_type=\"widget\" data-e-type=\"widget\" data-widget_type=\"text-editor.default\">\n\t\t\t\t<div class=\"elementor-widget-container\">\n\t\t\t\t\t\t\t\t\t<p><a href=\"https:\/\/www.lafiracentrecomercial.com\/es\/rsc\/\">RSC<\/a><\/p>\t\t\t\t\t\t\t\t<\/div>\n\t\t\t\t<\/div>\n\t\t\t\t\t<\/div>\n\t\t<\/div>\n\t\t\t\t<div class=\"elementor-column elementor-col-14 elementor-top-column elementor-element elementor-element-55513fd0\" data-id=\"55513fd0\" data-element_type=\"column\" data-e-type=\"column\">\n\t\t\t<div class=\"elementor-widget-wrap elementor-element-populated\">\n\t\t\t\t\t\t<div class=\"elementor-element elementor-element-3a3348e8 elementor-widget elementor-widget-text-editor\" data-id=\"3a3348e8\" data-element_type=\"widget\" data-e-type=\"widget\" data-widget_type=\"text-editor.default\">\n\t\t\t\t<div class=\"elementor-widget-container\">\n\t\t\t\t\t\t\t\t\t<p><a href=\"https:\/\/www.lafiracentrecomercial.com\/es\/contacto\/\">Contacto<\/a><\/p>\t\t\t\t\t\t\t\t<\/div>\n\t\t\t\t<\/div>\n\t\t\t\t\t<\/div>\n\t\t<\/div>\n\t\t\t\t<div class=\"elementor-column elementor-col-14 elementor-top-column elementor-element elementor-element-2793fd08\" data-id=\"2793fd08\" data-element_type=\"column\" data-e-type=\"column\">\n\t\t\t<div class=\"elementor-widget-wrap\">\n\t\t\t\t\t\t\t<\/div>\n\t\t<\/div>\n\t\t\t\t\t<\/div>\n\t\t<\/section>\n\t\t\t\t<section class=\"elementor-section elementor-top-section elementor-element elementor-element-29bbf2ee elementor-section-stretched elementor-section-boxed elementor-section-height-default elementor-section-height-default\" data-id=\"29bbf2ee\" data-element_type=\"section\" data-e-type=\"section\" data-settings=\"{&quot;stretch_section&quot;:&quot;section-stretched&quot;}\">\n\t\t\t\t\t\t<div class=\"elementor-container elementor-column-gap-wider\">\n\t\t\t\t\t<div class=\"elementor-column elementor-col-50 elementor-top-column elementor-element elementor-element-5882a709\" data-id=\"5882a709\" data-element_type=\"column\" data-e-type=\"column\">\n\t\t\t<div class=\"elementor-widget-wrap elementor-element-populated\">\n\t\t\t\t\t\t<div class=\"elementor-element elementor-element-569e334 elementor-widget elementor-widget-heading\" data-id=\"569e334\" data-element_type=\"widget\" data-e-type=\"widget\" data-widget_type=\"heading.default\">\n\t\t\t\t<div class=\"elementor-widget-container\">\n\t\t\t\t\t<h2 class=\"elementor-heading-title elementor-size-default\">Tu centro comercial en Reus<\/h2>\t\t\t\t<\/div>\n\t\t\t\t<\/div>\n\t\t\t\t<div class=\"elementor-element elementor-element-1722d385 elementor-widget elementor-widget-text-editor\" data-id=\"1722d385\" data-element_type=\"widget\" data-e-type=\"widget\" data-widget_type=\"text-editor.default\">\n\t\t\t\t<div class=\"elementor-widget-container\">\n\t\t\t\t\t\t\t\t\t<p class=\"CuerpoA\" style=\"tab-stops: 19.0pt 38.0pt 57.0pt 76.0pt 95.0pt 114.0pt 133.0pt 152.0pt 171.0pt 190.0pt 209.0pt 228.0pt 247.0pt 266.0pt 285.0pt 304.0pt 323.0pt 342.0pt 361.0pt 380.0pt 399.0pt 418.0pt 437.0pt 456.0pt 456.6pt;\"><span class=\"Ninguno\"><b><span lang=\"ES-TRAD\">La Fira Centre Comercial<\/span><\/b><\/span><span class=\"Ninguno\"><span lang=\"ES-TRAD\"> es un innovador concepto comercial y de ocio ubicado en una localizaci\u00f3n estrat\u00e9gica dentro de la ciudad de Reus. Integra a las principales firmas nacionales e internacionales de moda, una amplia oferta de ocio y restauraci\u00f3n y una zona de usos cotidianos para dar respuesta a las necesidades de toda la poblaci\u00f3n de Reus. <\/span><\/span><\/p><p class=\"CuerpoA\" style=\"tab-stops: 19.0pt 38.0pt 57.0pt 76.0pt 95.0pt 114.0pt 133.0pt 152.0pt 171.0pt 190.0pt 209.0pt 228.0pt 247.0pt 266.0pt 285.0pt 304.0pt 323.0pt 342.0pt 361.0pt 380.0pt 399.0pt 418.0pt 437.0pt 456.0pt 456.6pt;\"><span class=\"Ninguno\"><span lang=\"ES-TRAD\">Con su arquitectura vanguardista, ofrece a sus visitantes no solo una <\/span><\/span><span class=\"Ninguno\"><b><span lang=\"ES-TRAD\">gran oferta comercial y de ocio<\/span><\/b><\/span><span class=\"Ninguno\"><span lang=\"ES-TRAD\">, sino tambi\u00e9n la posibilidad de pasear en un ambiente mediterr\u00e1neo, al aire libre y con experiencias sensoriales que ir\u00e1n mucho m\u00e1s all\u00e1 del acto de compra.<\/span><\/span><\/p><p class=\"CuerpoA\" style=\"tab-stops: 19.0pt 38.0pt 57.0pt 76.0pt 95.0pt 114.0pt 133.0pt 152.0pt 171.0pt 190.0pt 209.0pt 228.0pt 247.0pt 266.0pt 285.0pt 304.0pt 323.0pt 342.0pt 361.0pt 380.0pt 399.0pt 418.0pt 437.0pt 456.0pt 456.6pt;\"><span class=\"Ninguno\"><span lang=\"ES-TRAD\">La Fundaci\u00f3n ARS (Fundaci\u00f3n para la Accesibilidad y la Responsabilidad Social) nos ha concedido el <\/span><\/span><span class=\"Ninguno\"><b><span lang=\"ES-TRAD\">certificado de excelencia Protocolo AIS-COVID<\/span><\/b><\/span><span class=\"Ninguno\"><span lang=\"ES-TRAD\"> por todas las medidas de higiene y protecci\u00f3n que hemos implementado en el Centro Comercial.<\/span><\/span><\/p>\t\t\t\t\t\t\t\t<\/div>\n\t\t\t\t<\/div>\n\t\t\t\t<section class=\"elementor-section elementor-inner-section elementor-element elementor-element-30974c6e elementor-section-boxed elementor-section-height-default elementor-section-height-default\" data-id=\"30974c6e\" data-element_type=\"section\" data-e-type=\"section\">\n\t\t\t\t\t\t<div class=\"elementor-container elementor-column-gap-default\">\n\t\t\t\t\t<div class=\"elementor-column elementor-col-100 elementor-inner-column elementor-element elementor-element-61d0dad9\" data-id=\"61d0dad9\" data-element_type=\"column\" data-e-type=\"column\">\n\t\t\t<div class=\"elementor-widget-wrap elementor-element-populated\">\n\t\t\t\t\t\t\t<\/div>\n\t\t<\/div>\n\t\t\t\t\t<\/div>\n\t\t<\/section>\n\t\t\t\t<div class=\"elementor-element elementor-element-435b2fcc elementor-widget elementor-widget-text-editor\" data-id=\"435b2fcc\" data-element_type=\"widget\" data-e-type=\"widget\" data-widget_type=\"text-editor.default\">\n\t\t\t\t<div class=\"elementor-widget-container\">\n\t\t\t\t\t\t\t\t\t<p>Ficha t\u00e9cnica<\/p>\t\t\t\t\t\t\t\t<\/div>\n\t\t\t\t<\/div>\n\t\t\t\t<div class=\"elementor-element elementor-element-6b990a5b elementor-widget elementor-widget-text-editor\" data-id=\"6b990a5b\" data-element_type=\"widget\" data-e-type=\"widget\" data-widget_type=\"text-editor.default\">\n\t\t\t\t<div class=\"elementor-widget-container\">\n\t\t\t\t\t\t\t\t\t<table><tbody><tr><td>Localidad<\/td><td>Reus<\/td><\/tr><tr><td>Inauguraci\u00f3n<\/td><td>6 de Noviembre de 2015<\/td><\/tr><tr><td>Sup. alquilable<\/td><td>29.000 m2<\/td><\/tr><tr><td>Sup. construida<\/td><td>41.700 m2<\/td><\/tr><tr><td>Locales<\/td><td>78<\/td><\/tr><tr><td>Plantas comerciales<\/td><td>4<\/td><\/tr><tr><td>Plantas de parking<\/td><td>2<\/td><\/tr><tr><td>Plazas de parking<\/td><td>850<\/td><\/tr><\/tbody><\/table>\t\t\t\t\t\t\t\t<\/div>\n\t\t\t\t<\/div>\n\t\t\t\t\t<\/div>\n\t\t<\/div>\n\t\t\t\t<div class=\"elementor-column elementor-col-50 elementor-top-column elementor-element elementor-element-3a6552a7\" data-id=\"3a6552a7\" data-element_type=\"column\" data-e-type=\"column\">\n\t\t\t<div class=\"elementor-widget-wrap elementor-element-populated\">\n\t\t\t\t\t\t<div class=\"elementor-element elementor-element-8fc455e elementor-widget elementor-widget-image\" data-id=\"8fc455e\" data-element_type=\"widget\" data-e-type=\"widget\" data-widget_type=\"image.default\">\n\t\t\t\t<div class=\"elementor-widget-container\">\n\t\t\t\t\t\t\t\t\t\t\t\t\t\t\t<img fetchpriority=\"high\" decoding=\"async\" width=\"800\" height=\"1200\" src=\"https:\/\/www.lafiracentrecomercial.com\/wp-content\/uploads\/2023\/06\/lafira-23-25-800x1200.jpg\" class=\"attachment-large size-large wp-image-1052\" alt=\"\" srcset=\"https:\/\/www.lafiracentrecomercial.com\/wp-content\/uploads\/2023\/06\/lafira-23-25-800x1200.jpg 800w, https:\/\/www.lafiracentrecomercial.com\/wp-content\/uploads\/2023\/06\/lafira-23-25-333x500.jpg 333w, https:\/\/www.lafiracentrecomercial.com\/wp-content\/uploads\/2023\/06\/lafira-23-25-200x300.jpg 200w, https:\/\/www.lafiracentrecomercial.com\/wp-content\/uploads\/2023\/06\/lafira-23-25-768x1152.jpg 768w, https:\/\/www.lafiracentrecomercial.com\/wp-content\/uploads\/2023\/06\/lafira-23-25-1024x1536.jpg 1024w, https:\/\/www.lafiracentrecomercial.com\/wp-content\/uploads\/2023\/06\/lafira-23-25-1365x2048.jpg 1365w, https:\/\/www.lafiracentrecomercial.com\/wp-content\/uploads\/2023\/06\/lafira-23-25-50x75.jpg 50w, https:\/\/www.lafiracentrecomercial.com\/wp-content\/uploads\/2023\/06\/lafira-23-25-480x720.jpg 480w, https:\/\/www.lafiracentrecomercial.com\/wp-content\/uploads\/2023\/06\/lafira-23-25-scaled.jpg 1707w\" sizes=\"(max-width:767px) 480px, (max-width:800px) 100vw, 800px\" \/>\t\t\t\t\t\t\t\t\t\t\t\t\t\t\t<\/div>\n\t\t\t\t<\/div>\n\t\t\t\t\t<\/div>\n\t\t<\/div>\n\t\t\t\t\t<\/div>\n\t\t<\/section>\n\t\t\t\t<section class=\"elementor-section elementor-top-section elementor-element elementor-element-27cc71aa elementor-section-boxed elementor-section-height-default elementor-section-height-default\" data-id=\"27cc71aa\" data-element_type=\"section\" data-e-type=\"section\">\n\t\t\t\t\t\t<div class=\"elementor-container elementor-column-gap-default\">\n\t\t\t\t\t<div class=\"elementor-column elementor-col-100 elementor-top-column elementor-element elementor-element-7dc97435\" data-id=\"7dc97435\" data-element_type=\"column\" data-e-type=\"column\">\n\t\t\t<div class=\"elementor-widget-wrap elementor-element-populated\">\n\t\t\t\t\t\t<div class=\"elementor-element elementor-element-685a9901 elementor-arrows-position-inside elementor-widget elementor-widget-image-carousel\" data-id=\"685a9901\" data-element_type=\"widget\" data-e-type=\"widget\" data-settings=\"{&quot;navigation&quot;:&quot;arrows&quot;,&quot;autoplay&quot;:&quot;yes&quot;,&quot;pause_on_hover&quot;:&quot;yes&quot;,&quot;pause_on_interaction&quot;:&quot;yes&quot;,&quot;autoplay_speed&quot;:5000,&quot;infinite&quot;:&quot;yes&quot;,&quot;speed&quot;:500}\" data-widget_type=\"image-carousel.default\">\n\t\t\t\t<div class=\"elementor-widget-container\">\n\t\t\t\t\t\t\t<div class=\"elementor-image-carousel-wrapper swiper\" role=\"region\" aria-roledescription=\"carousel\" aria-label=\"Carrusel de im\u00e1genes\" dir=\"ltr\">\n\t\t\t<div class=\"elementor-image-carousel swiper-wrapper\" aria-live=\"off\">\n\t\t\t\t\t\t\t\t<div class=\"swiper-slide\" role=\"group\" aria-roledescription=\"slide\" aria-label=\"1 de 18\"><figure class=\"swiper-slide-inner\"><img decoding=\"async\" class=\"swiper-slide-image\" src=\"https:\/\/www.lafiracentrecomercial.com\/wp-content\/uploads\/2023\/06\/lafira-23-3-300x200.jpg\" alt=\"www.fotointeriores.com\" \/><\/figure><\/div><div class=\"swiper-slide\" role=\"group\" aria-roledescription=\"slide\" aria-label=\"2 de 18\"><figure class=\"swiper-slide-inner\"><img decoding=\"async\" class=\"swiper-slide-image\" src=\"https:\/\/www.lafiracentrecomercial.com\/wp-content\/uploads\/2023\/06\/lafira-23-5-300x200.jpg\" alt=\"www.fotointeriores.com\" \/><\/figure><\/div><div class=\"swiper-slide\" role=\"group\" aria-roledescription=\"slide\" aria-label=\"3 de 18\"><figure class=\"swiper-slide-inner\"><img decoding=\"async\" class=\"swiper-slide-image\" src=\"https:\/\/www.lafiracentrecomercial.com\/wp-content\/uploads\/2023\/06\/lafira-23-6-300x200.jpg\" alt=\"www.fotointeriores.com\" \/><\/figure><\/div><div class=\"swiper-slide\" role=\"group\" aria-roledescription=\"slide\" aria-label=\"4 de 18\"><figure class=\"swiper-slide-inner\"><img decoding=\"async\" class=\"swiper-slide-image\" src=\"https:\/\/www.lafiracentrecomercial.com\/wp-content\/uploads\/2023\/06\/lafira-23-8-300x200.jpg\" alt=\"www.fotointeriores.com\" \/><\/figure><\/div><div class=\"swiper-slide\" role=\"group\" aria-roledescription=\"slide\" aria-label=\"5 de 18\"><figure class=\"swiper-slide-inner\"><img decoding=\"async\" class=\"swiper-slide-image\" src=\"https:\/\/www.lafiracentrecomercial.com\/wp-content\/uploads\/2023\/06\/lafira-23-9-300x200.jpg\" alt=\"www.fotointeriores.com\" \/><\/figure><\/div><div class=\"swiper-slide\" role=\"group\" aria-roledescription=\"slide\" aria-label=\"6 de 18\"><figure class=\"swiper-slide-inner\"><img decoding=\"async\" class=\"swiper-slide-image\" src=\"https:\/\/www.lafiracentrecomercial.com\/wp-content\/uploads\/2023\/06\/lafira-23-10-300x200.jpg\" alt=\"www.fotointeriores.com\" \/><\/figure><\/div><div class=\"swiper-slide\" role=\"group\" aria-roledescription=\"slide\" aria-label=\"7 de 18\"><figure class=\"swiper-slide-inner\"><img decoding=\"async\" class=\"swiper-slide-image\" src=\"https:\/\/www.lafiracentrecomercial.com\/wp-content\/uploads\/2023\/06\/lafira-23-14-300x200.jpg\" alt=\"www.fotointeriores.com\" \/><\/figure><\/div><div class=\"swiper-slide\" role=\"group\" aria-roledescription=\"slide\" aria-label=\"8 de 18\"><figure class=\"swiper-slide-inner\"><img decoding=\"async\" class=\"swiper-slide-image\" src=\"https:\/\/www.lafiracentrecomercial.com\/wp-content\/uploads\/2023\/06\/lafira-23-16-300x200.jpg\" alt=\"www.fotointeriores.com\" \/><\/figure><\/div><div class=\"swiper-slide\" role=\"group\" aria-roledescription=\"slide\" aria-label=\"9 de 18\"><figure class=\"swiper-slide-inner\"><img decoding=\"async\" class=\"swiper-slide-image\" src=\"https:\/\/www.lafiracentrecomercial.com\/wp-content\/uploads\/2023\/06\/lafira-23-18-300x200.jpg\" alt=\"www.fotointeriores.com\" \/><\/figure><\/div><div class=\"swiper-slide\" role=\"group\" aria-roledescription=\"slide\" aria-label=\"10 de 18\"><figure class=\"swiper-slide-inner\"><img decoding=\"async\" class=\"swiper-slide-image\" src=\"https:\/\/www.lafiracentrecomercial.com\/wp-content\/uploads\/2023\/06\/lafira-23-19-300x200.jpg\" alt=\"www.fotointeriores.com\" \/><\/figure><\/div><div class=\"swiper-slide\" role=\"group\" aria-roledescription=\"slide\" aria-label=\"11 de 18\"><figure class=\"swiper-slide-inner\"><img decoding=\"async\" class=\"swiper-slide-image\" src=\"https:\/\/www.lafiracentrecomercial.com\/wp-content\/uploads\/2023\/06\/lafira-23-24-300x200.jpg\" alt=\"www.fotointeriores.com\" \/><\/figure><\/div><div class=\"swiper-slide\" role=\"group\" aria-roledescription=\"slide\" aria-label=\"12 de 18\"><figure class=\"swiper-slide-inner\"><img decoding=\"async\" class=\"swiper-slide-image\" src=\"https:\/\/www.lafiracentrecomercial.com\/wp-content\/uploads\/2023\/06\/lafira-23-43-300x200.jpg\" alt=\"www.fotointeriores.com\" \/><\/figure><\/div><div class=\"swiper-slide\" role=\"group\" aria-roledescription=\"slide\" aria-label=\"13 de 18\"><figure class=\"swiper-slide-inner\"><img decoding=\"async\" class=\"swiper-slide-image\" src=\"https:\/\/www.lafiracentrecomercial.com\/wp-content\/uploads\/2023\/06\/lafira-23-46-300x200.jpg\" alt=\"www.fotointeriores.com\" \/><\/figure><\/div><div class=\"swiper-slide\" role=\"group\" aria-roledescription=\"slide\" aria-label=\"14 de 18\"><figure class=\"swiper-slide-inner\"><img decoding=\"async\" class=\"swiper-slide-image\" src=\"https:\/\/www.lafiracentrecomercial.com\/wp-content\/uploads\/2023\/06\/lafira-23-51-300x200.jpg\" alt=\"www.fotointeriores.com\" \/><\/figure><\/div><div class=\"swiper-slide\" role=\"group\" aria-roledescription=\"slide\" aria-label=\"15 de 18\"><figure class=\"swiper-slide-inner\"><img decoding=\"async\" class=\"swiper-slide-image\" src=\"https:\/\/www.lafiracentrecomercial.com\/wp-content\/uploads\/2023\/06\/lafira-23-4-200x300.jpg\" alt=\"lafira-23-(4)\" \/><\/figure><\/div><div class=\"swiper-slide\" role=\"group\" aria-roledescription=\"slide\" aria-label=\"16 de 18\"><figure class=\"swiper-slide-inner\"><img decoding=\"async\" class=\"swiper-slide-image\" src=\"https:\/\/www.lafiracentrecomercial.com\/wp-content\/uploads\/2023\/06\/lafira-23-11-200x300.jpg\" alt=\"lafira-23-(11)\" \/><\/figure><\/div><div class=\"swiper-slide\" role=\"group\" aria-roledescription=\"slide\" aria-label=\"17 de 18\"><figure class=\"swiper-slide-inner\"><img decoding=\"async\" class=\"swiper-slide-image\" src=\"https:\/\/www.lafiracentrecomercial.com\/wp-content\/uploads\/2023\/06\/lafira-23-22-200x300.jpg\" alt=\"lafira-23-(22)\" \/><\/figure><\/div><div class=\"swiper-slide\" role=\"group\" aria-roledescription=\"slide\" aria-label=\"18 de 18\"><figure class=\"swiper-slide-inner\"><img decoding=\"async\" class=\"swiper-slide-image\" src=\"https:\/\/www.lafiracentrecomercial.com\/wp-content\/uploads\/2023\/06\/lafira-23-25-200x300.jpg\" alt=\"lafira-23-(25)\" \/><\/figure><\/div>\t\t\t<\/div>\n\t\t\t\t\t\t\t\t\t\t\t\t<div class=\"elementor-swiper-button elementor-swiper-button-prev\" role=\"button\" tabindex=\"0\">\n\t\t\t\t\t\t<i aria-hidden=\"true\" class=\"eicon-chevron-left\"><\/i>\t\t\t\t\t<\/div>\n\t\t\t\t\t<div class=\"elementor-swiper-button elementor-swiper-button-next\" role=\"button\" tabindex=\"0\">\n\t\t\t\t\t\t<i aria-hidden=\"true\" class=\"eicon-chevron-right\"><\/i>\t\t\t\t\t<\/div>\n\t\t\t\t\n\t\t\t\t\t\t\t\t\t<\/div>\n\t\t\t\t\t\t<\/div>\n\t\t\t\t<\/div>\n\t\t\t\t<div class=\"elementor-element elementor-element-54089175 elementor-widget elementor-widget-spacer\" data-id=\"54089175\" data-element_type=\"widget\" data-e-type=\"widget\" data-widget_type=\"spacer.default\">\n\t\t\t\t<div class=\"elementor-widget-container\">\n\t\t\t\t\t\t\t<div class=\"elementor-spacer\">\n\t\t\t<div class=\"elementor-spacer-inner\"><\/div>\n\t\t<\/div>\n\t\t\t\t\t\t<\/div>\n\t\t\t\t<\/div>\n\t\t\t\t\t<\/div>\n\t\t<\/div>\n\t\t\t\t\t<\/div>\n\t\t<\/section>\n\t\t\t\t<\/div>\n\t\t","protected":false},"excerpt":{"rendered":"<p>Sobre La Fira Tu negocio aqu\u00ed \u00bfC\u00f3mo llegar? RSC Contacto Tu centro comercial en Reus La Fira Centre Comercial es un innovador concepto comercial y de<span class=\"excerpt-hellip\"> [\u2026]<\/span><\/p>\n","protected":false},"author":1,"featured_media":0,"parent":0,"menu_order":0,"comment_status":"closed","ping_status":"closed","template":"","meta":{"footnotes":""},"class_list":["post-1137","page","type-page","status-publish","hentry"],"publishpress_future_workflow_manual_trigger":{"enabledWorkflows":[]},"_links":{"self":[{"href":"https:\/\/www.lafiracentrecomercial.com\/es\/wp-json\/wp\/v2\/pages\/1137","targetHints":{"allow":["GET"]}}],"collection":[{"href":"https:\/\/www.lafiracentrecomercial.com\/es\/wp-json\/wp\/v2\/pages"}],"about":[{"href":"https:\/\/www.lafiracentrecomercial.com\/es\/wp-json\/wp\/v2\/types\/page"}],"author":[{"embeddable":true,"href":"https:\/\/www.lafiracentrecomercial.com\/es\/wp-json\/wp\/v2\/users\/1"}],"replies":[{"embeddable":true,"href":"https:\/\/www.lafiracentrecomercial.com\/es\/wp-json\/wp\/v2\/comments?post=1137"}],"version-history":[{"count":8,"href":"https:\/\/www.lafiracentrecomercial.com\/es\/wp-json\/wp\/v2\/pages\/1137\/revisions"}],"predecessor-version":[{"id":3769,"href":"https:\/\/www.lafiracentrecomercial.com\/es\/wp-json\/wp\/v2\/pages\/1137\/revisions\/3769"}],"wp:attachment":[{"href":"https:\/\/www.lafiracentrecomercial.com\/es\/wp-json\/wp\/v2\/media?parent=1137"}],"curies":[{"name":"wp","href":"https:\/\/api.w.org\/{rel}","templated":true}]}}