{"id":835,"date":"2023-06-27T09:22:15","date_gmt":"2023-06-27T09:22:15","guid":{"rendered":"https:\/\/www.lafiracentrecomercial.com\/?page_id=835"},"modified":"2024-01-19T12:51:10","modified_gmt":"2024-01-19T12:51:10","slug":"aviso-legal-es","status":"publish","type":"page","link":"https:\/\/www.lafiracentrecomercial.com\/es\/aviso-legal-es\/","title":{"rendered":"Aviso legal ES"},"content":{"rendered":"\t\t<div data-elementor-type=\"wp-page\" data-elementor-id=\"835\" class=\"elementor elementor-835 elementor-827\">\n\t\t\t\t\t\t<section class=\"elementor-section elementor-top-section elementor-element elementor-element-40e9c774 elementor-section-stretched elementor-section-boxed elementor-section-height-default elementor-section-height-default\" data-id=\"40e9c774\" data-element_type=\"section\" data-e-type=\"section\" data-settings=\"{&quot;stretch_section&quot;:&quot;section-stretched&quot;,&quot;background_background&quot;:&quot;classic&quot;}\">\n\t\t\t\t\t\t<div class=\"elementor-container elementor-column-gap-wider\">\n\t\t\t\t\t<div class=\"elementor-column elementor-col-100 elementor-top-column elementor-element elementor-element-e8397c3\" data-id=\"e8397c3\" data-element_type=\"column\" data-e-type=\"column\">\n\t\t\t<div class=\"elementor-widget-wrap elementor-element-populated\">\n\t\t\t\t\t\t<div class=\"elementor-element elementor-element-5d9437e2 elementor-widget elementor-widget-heading\" data-id=\"5d9437e2\" data-element_type=\"widget\" data-e-type=\"widget\" data-widget_type=\"heading.default\">\n\t\t\t\t<div class=\"elementor-widget-container\">\n\t\t\t\t\t<h1 class=\"elementor-heading-title elementor-size-default\">Aviso legal<\/h1>\t\t\t\t<\/div>\n\t\t\t\t<\/div>\n\t\t\t\t<section class=\"elementor-section elementor-inner-section elementor-element elementor-element-56daeba2 elementor-section-boxed elementor-section-height-default elementor-section-height-default\" data-id=\"56daeba2\" data-element_type=\"section\" data-e-type=\"section\">\n\t\t\t\t\t\t<div class=\"elementor-container elementor-column-gap-default\">\n\t\t\t\t\t<div class=\"elementor-column elementor-col-100 elementor-inner-column elementor-element elementor-element-7d575272\" data-id=\"7d575272\" data-element_type=\"column\" data-e-type=\"column\">\n\t\t\t<div class=\"elementor-widget-wrap elementor-element-populated\">\n\t\t\t\t\t\t<div class=\"elementor-element elementor-element-7d8b7ae elementor-widget elementor-widget-text-editor\" data-id=\"7d8b7ae\" data-element_type=\"widget\" data-e-type=\"widget\" data-widget_type=\"text-editor.default\">\n\t\t\t\t<div class=\"elementor-widget-container\">\n\t\t\t\t\t\t\t\t\t<div><section><h2>1. Objeto<\/h2><p>En el presente Aviso Legal se establecen las condiciones por las que se rige el uso de todas y cada una de las p\u00e1ginas web de las que son titulares independientes los centros comerciales identificados en la tabla adjunta en el apartado \u201cInformaci\u00f3n general\u201d del presente Aviso Legal\u201d, as\u00ed como el uso de los servicios ofrecidos a trav\u00e9s de las mismas con independencia de cu\u00e1l sea el aplicativo, medio digital, soporte o dispositivo a trav\u00e9s del que se pueda acceder.<\/p><p>Este Aviso Legal ha sido configurado como un documento marco que aplica al uso de las citadas p\u00e1ginas web y a los distintos servicios ofrecidos a trav\u00e9s de cada una de ellas. No obstante, debe tenerse en cuenta que no todas ellas ofrecen los mismos servicios y contenidos ni disponen de las mismas funcionalidades, por lo que este Aviso ser\u00e1 aplicable en funci\u00f3n de las concretas funcionalidades de cada p\u00e1gina y de los servicios y contenidos ofrecidos a trav\u00e9s de las mismas, as\u00ed como de la interacci\u00f3n que el Usuario tenga con el Centro Comercial.<\/p><p>Le rogamos que lea atentamente el Aviso Legal, as\u00ed como la Pol\u00edtica de Privacidad y la Pol\u00edtica de Cookies antes de usar la P\u00e1gina Web<\/p><\/section><section><h2>2. Informaci\u00f3n general<\/h2><div class=\"tablecontainer\" style=\"width: 100%;\"><table class=\"cookiestable\" style=\"width: 100%;\"><thead><tr><th colspan=\"3\">INFORMACION GENERAL: TITULAR P\u00c1GINA WEB<\/th><\/tr><\/thead><tbody><tr><th>Centro Comercial<\/th><th>Datos Contacto<\/th><th>Dominio P\u00e1gina Web<\/th><\/tr><tr class=\"active\"><td><p>LA FIRA CENTRE COMERCIAL<\/p><\/td><td><p>CIF: B87382453<\/p><p>Domicilio social: Calle Vel\u00e1zquez, 123, 28006 Madrid<\/p><p>Correo electr\u00f3nico: info@lafiracentrecomercial.com<\/p><p>Tel\u00e9fono: 977 32 07 19<\/p><\/td><td><p>https:\/\/www.lafiracentrecomercial.com\/<\/p><\/td><\/tr><tr><td><p>CENTRO COMERCIAL THADER<\/p><\/td><td><p>CIF: B73473134<\/p><p>Domicilio social: Avda. Juan de Borb\u00f3n, s\/n, 30.110 MURCIA<\/p><p>Correo electr\u00f3nico: thader.clientes@thader.net<\/p><p>Tel\u00e9fono: 968 385 880<\/p><\/td><td><p>https:\/\/www.thader.net\/<\/p><\/td><\/tr><\/tbody><\/table><\/div><\/section><section><h2>Referencias en este Aviso Legal:<\/h2><ul><li><b>Centro Comercial<\/b>: En adelante se utilizar\u00e1 el t\u00e9rmino \u201cCentro Comercial\u201d para hacer referencia, de manera individual, al Centro Comercial concreto, de entre los identificados en la anterior tabla, que sea titular del dominio de la p\u00e1gina Web que el Usuario est\u00e9 visitando al acceder al presente aviso legal.<\/li><li><b>P\u00e1gina Web<\/b>: hace referencia, en general, a cualquiera de las P\u00e1ginas web incluidas en la tabla anterior.<\/li><\/ul><p>El acceso, navegaci\u00f3n y uso de la P\u00e1gina Web conlleva y supone la aceptaci\u00f3n por el usuario del presente Aviso Legal (en adelante, \u201cAviso Legal\u201d). En este sentido, se entender\u00e1 por Usuario a la persona que acceda, navegue, utilice o participe en los servicios y actividades, gratuitas u onerosas, ofrecidas a trav\u00e9s de la P\u00e1gina Web.<\/p><p>Si los Usuarios desean contactar con el Centro Comercial para cualquier duda o incidencia, puede utilizar la direcci\u00f3n de correo electr\u00f3nico o contactar a trav\u00e9s del n\u00famero de tel\u00e9fono indicado en la tabla de informaci\u00f3n general, de forma gratuita y en horario laboral.<\/p><\/section><section><h2>3. Acceso a la web<\/h2><p>El acceso a la P\u00e1gina Web ser\u00e1 libre y gratuito (salvo en lo relativo al coste de la conexi\u00f3n a trav\u00e9s de la red de telecomunicaciones suministrada por el proveedor de acceso contratado por el Usuario) para todos los Usuarios de esta.<\/p><p>No obstante, determinados servicios y\/o contenidos ofrecidos por el Centro Comercial o terceros a trav\u00e9s de la P\u00e1gina Web se encuentren sujetos a la reserva y\/o contrataci\u00f3n previa del servicio y\/o contenido y al pago de una cantidad de dinero. En estos casos se estar\u00e1 a lo que se determine en las correspondientes condiciones particulares, que se pondr\u00e1n a disposici\u00f3n del Usuario de forma previa, f\u00e1cilmente accesible y clara.<\/p><p>Queda prohibido el acceso a la P\u00e1gina Web por parte de menores de edad, salvo que cuenten con la autorizaci\u00f3n previa y expresa de sus padres, tutores o representantes legales, los cuales ser\u00e1n considerados como responsables de los actos que lleven a cabo los menores a su cargo, conforme a la normativa vigente. En todo caso, se presumir\u00e1 que el acceso, uso y navegaci\u00f3n realizado por un menor se ha realizado con autorizaci\u00f3n previa y expresa de sus padres, tutores o representantes legales.<\/p><\/section><section><h2>4. Establecimiento de enlaces con la P\u00e1gina Web<\/h2><p>Queda prohibido el establecimiento de enlaces de hipertexto (en adelante, \u201clink\u201d) con destino a la P\u00e1gina Web, a menos que los mismos hayan sido previamente autorizados por el Centro Comercial. En cualquier caso, una vez autorizado un link por el Centro Comercial, el mismo deber\u00e1 establecerse en los t\u00e9rminos indicados a tal efecto por el Centro Comercial.<\/p><p>En cualquier caso, se informa a los Usuarios que la inclusi\u00f3n de links a la P\u00e1gina Web por parte de otros sitios webs y\/o aplicaciones no implica que el Centro Comercial mantenga v\u00ednculos o asociaci\u00f3n de ninguna clase con el titular de la web y\/o aplicaci\u00f3n web en la que se establezca el link, ni que el Centro Comercial promocione, avale, garantice o recomiende los contenidos de dichas webs y\/o aplicaciones.<\/p><\/section><section><h2>5. Servicios de terceros<\/h2><p>El Centro Comercial podr\u00e1 habilitar espacios dentro de la P\u00e1gina Web para que terceras entidades publiciten o presten sus propios servicios (en adelante, \u201cServicios de Terceros\u201d). En estos casos, se informa a los Usuarios que el Centro Comercial no participa en la contrataci\u00f3n ni prestaci\u00f3n de los Servicios de Terceros por lo que no se hace responsable de los mismos, ni de sus condiciones, prestaciones, contenido y\/o calidad. En este sentido, se informa a los Usuarios que los Servicios de Terceros se encuentran sujetos a sus propios textos legales y pueden requerir para su acceso de la formalizaci\u00f3n por parte del Usuario del correspondiente procedimiento de registro (en cualquier caso, para evitar confusiones, se informar\u00e1 al Usuario en el momento de contrataci\u00f3n de los Servicios de Terceros). Consecuentemente, ser\u00e1 responsabilidad exclusiva de los citados terceros la prestaci\u00f3n de los servicios que el Usuario contrate con los mismos y la relaci\u00f3n derivada de dicha contrataci\u00f3n.<\/p><p>El acceso a los Servicios de Terceros a trav\u00e9s de la P\u00e1gina Web es libre y voluntario para los Usuarios, por lo que en caso de que los Usuarios tomen la decisi\u00f3n de acceder a los mismos lo estar\u00e1n haciendo bajo su exclusiva responsabilidad. El Centro Comercial, \u00fanicamente, informa sobre los Servicios de Terceros ofrecidos a trav\u00e9s de la P\u00e1gina Web, por lo que no asume ning\u00fan tipo de responsabilidad por los da\u00f1os y\/o perjuicios que pudieran ser provocados a los Usuarios como consecuencia del uso de dichos Servicios. A estos efectos, el Usuario exonera al Centro Comercial de cualquier responsabilidad derivada del uso \/o contrataci\u00f3n de los Servicios de Terceros.<\/p><p>Sin perjuicio de lo anterior, el Centro Comercial manifiesta y garantiza que exige contractualmente que los terceros prestadores de servicios que ofrecen sus servicios a trav\u00e9s de la P\u00e1gina Web cumplan con la normativa vigente, prestando especial atenci\u00f3n a la normativa actual o futura que afecte a su actividad.<\/p><p>Los Servicios de Terceros pueden variar en funci\u00f3n de los acuerdos alcanzados por el Centro Comercial. Adem\u00e1s, los Servicios de Terceros est\u00e1n sujetos a los t\u00e9rminos del acuerdo alcanzado entre el Centro Comercial y el tercero, por lo que pueden variar en cualquier momento. El Centro Comercial podr\u00e1 excluir de su P\u00e1gina Web la posibilidad de contratar los Servicios de Terceros por cualquier circunstancia y en cualquier momento sin necesidad de informar a los Usuarios.<\/p><\/section><section><h2>6. Sitios webs enlazados<\/h2><p>Por su parte, esta P\u00e1gina Web puede incluir links hacia otras aplicaciones y\/o sitios web propias o de terceros, incluso integrados en la P\u00e1gina web. Cada Usuario reconoce que el Centro Comercial no tiene ninguna responsabilidad sobre el contenido, productos o servicios disponibles o accesibles a partir de esas aplicaciones y\/o sitios web cuando \u00e9stas no sean propias del Centro Comercial.<\/p><p>En ning\u00fan caso la existencia de integraciones o links hacia otros sitios webs y\/o aplicaciones propias o de terceros comporta recomendaci\u00f3n, promoci\u00f3n, identificaci\u00f3n o conformidad del Centro Comercial con las manifestaciones, contenidos o servicios proporcionados a trav\u00e9s de los mismos. En consecuencia, el Centro Comercial no se hace responsable del contenido, los productos o servicios disponibles en esos sitios webs y\/o aplicaciones o a partir de las mismos, ni de sus condiciones de uso y pol\u00edticas de privacidad, siendo el Usuario el \u00fanico responsable de comprobarlos y aceptarlos cada vez que acceda y use los mismos.<\/p><\/section><section><h2>7. Propiedad Intelectual e Industrial<\/h2><p>Todos los derechos de autor, marcas comerciales, patentes y el resto de derechos de propiedad intelectual e industrial referentes al material o contenido incluyendo software, datos, informaci\u00f3n, texto, fotograf\u00edas, m\u00fasica, sonido, v\u00eddeos, gr\u00e1ficos, logotipos, s\u00edmbolos, trabajos art\u00edsticos y cualquier otro tipo de material o im\u00e1genes publicadas en la P\u00e1gina Web y\/o necesarias para el correcto funcionamiento y gesti\u00f3n de la misma, son propiedad del Centro Comercial o se le han cedido bajo licencia mediante los derechos de autor(es) para su uso. Por lo que su uso, reproducci\u00f3n, distribuci\u00f3n, comunicaci\u00f3n p\u00fablica, transformaci\u00f3n o cualquier otra actividad similar o an\u00e1loga, queda totalmente prohibida salvo que medie expresa autorizaci\u00f3n por escrito del Centro Comercial.<\/p><p>En el caso de que el Usuario env\u00ede informaci\u00f3n de cualquier tipo al Centro Comercial a trav\u00e9s de la P\u00e1gina Web, mediante los canales dispuestos a tal fin en la propia P\u00e1gina, el Usuario declara, garantiza y acepta que tiene derecho a hacerlo libremente, que dicha informaci\u00f3n no infringe ning\u00fan derecho de propiedad intelectual, de marca, de patente, secreto comercial, o cualquier otro derecho de tercero, que dicha informaci\u00f3n no tiene car\u00e1cter confidencial y que dicha informaci\u00f3n no es perjudicial para terceros.<\/p><p>A este respecto, el Usuario reconoce asumir la responsabilidad y dejar\u00e1 indemne al Centro Comercial por cualquier comunicaci\u00f3n que suministre personalmente o a su nombre, alcanzando dicha responsabilidad sin restricci\u00f3n alguna la exactitud, legalidad, originalidad y titularidad de la misma.<\/p><p>En todo caso, el Centro Comercial declara su respeto a los derechos de propiedad intelectual e industrial de terceros; por ello, si considera que este sitio pudiera estar violando sus derechos, rogamos se ponga en contacto con el Centro Comercial en la direcci\u00f3n de e-mail que consta en la tabla adjunta en el apartado <b>\u201cInformaci\u00f3n general\u201d<\/b> del presente Aviso Legal.<\/p><\/section><section><h2>8. Protecci\u00f3n de datos<\/h2><p>Los datos personales de los Usuarios ser\u00e1n tratados por el Centro Comercial de acuerdo a su Pol\u00edtica de Privacidad y Pol\u00edtica de Cookies, disponible en <a href=\"https:\/\/www.lafiracentrecomercial.com\/ES\/politica-de-privacidad\" target=\"_blank\" rel=\"noopener\">Pol\u00edtica de Privacidad<\/a> y en <a href=\"https:\/\/www.lafiracentrecomercial.com\/ES\/politica-de-cookies\" target=\"_blank\" rel=\"noopener\">Pol\u00edtica de Cookies<\/a><\/p><\/section><section><h2>9. Responsabilidad de los Usuarios<\/h2><p>El Usuario reconoce y acepta que el acceso, navegaci\u00f3n y uso de la P\u00e1gina Web tiene lugar libre y conscientemente, bajo su exclusiva responsabilidad. El Usuario se compromete a hacer un uso adecuado y l\u00edcito de la P\u00e1gina Web de conformidad con la legislaci\u00f3n aplicable y el presente Aviso Legal. En consecuencia, el Usuario declara que mantendr\u00e1 indemne al Centro Comercial y asume toda la responsabilidad derivada de los incumplimientos del presente Aviso Legal y, en particular, de cualquier da\u00f1o ocasionado al Centro Comercial o terceros como consecuencia de sus actuaciones.<\/p><p>El Usuario deber\u00e1 abstenerse de (i) hacer un uso no autorizado o fraudulento de la P\u00e1gina Web; (ii) acceder o intentar acceder a recursos restringidos de la P\u00e1gina Web; (iii) utilizar la P\u00e1gina Web con fines o efectos il\u00edcitos, ilegales, contrarios a lo establecido en el presente Aviso Legal, lesivos de los derechos e intereses de terceros, o que de cualquier forma puedan da\u00f1ar, inutilizar o sobrecargar o impedir la normal utilizaci\u00f3n o disfrute de la P\u00e1gina Web; (iv) provocar da\u00f1os en el Sitio Web o en los sistemas de sus proveedores, otros Usuarios o de terceros; (v) introducir o difundir virus inform\u00e1ticos o cualesquiera otros sistemas f\u00edsicos o l\u00f3gicos que sean susceptibles de provocar da\u00f1os en los sistemas del Centro Comercial, de sus proveedores, otros Usuarios o de terceros, (vi) intentar acceder, utilizar y\/o manipular los datos del Centro Comercial, terceros proveedores y\/u otros Usuarios; (vii) reproducir, copiar, distribuir, transformar o modificar los contenidos, permitir el acceso a dichos contenidos a terceros a trav\u00e9s de cualquier modalidad de comunicaci\u00f3n p\u00fablica, a menos que se cuente con la autorizaci\u00f3n del titular de los derechos existentes sobre dichos contenidos o ello est\u00e9 legalmente permitido; (viii) obtener o intentar obtener los contenidos empleando para ello medios o procedimientos distintos de los que, seg\u00fan los casos, se hayan puesto a su disposici\u00f3n a este efecto por parte del Centro Comercial. El Centro Comercial pondr\u00e1 en conocimiento de las autoridades cualquier uso ileg\u00edtimo de su P\u00e1gina Web tan pronto tenga conocimiento del mismo.<\/p><p>En todo caso, el Centro Comercial se reserva el derecho a suspender, modificar, restringir o interrumpir, ya sea temporal o permanentemente, el acceso, navegaci\u00f3n, uso, alojamiento y\/o descarga del contenido y\/o uso de servicios de la P\u00e1gina Web que contravengan cualquiera de las disposiciones detalladas en el presente Aviso Legal, con o sin previa notificaci\u00f3n, a los Usuarios y sin que medie la posibilidad del Usuario de exigir indemnizaci\u00f3n alguna por esta causa.<\/p><\/section><section><h2>10. Responsabilidad del Centro Comercial<\/h2><p>Salvo las responsabilidades que no puedan ser excluidas ni limitadas como consecuencia de la normativa aplicable, el Centro Comercial no se hace responsable, directa e indirectamente, de las reclamaciones efectuadas por los Usuarios que tengan causa en alguna de las siguientes circunstancias:<\/p><ul><li>Cualquier p\u00e9rdida de beneficios, ventas, negocio o ingresos del Usuario;<\/li><li>P\u00e9rdida de oportunidades de negocio del Usuario;<\/li><li>Los da\u00f1os de cualquier naturaleza derivados por la suspensi\u00f3n, falta de celebraci\u00f3n o defectuosa ejecuci\u00f3n de cualquier evento, actividad o Servicios de Terceros ofrecidos a trav\u00e9s de la P\u00e1gina Web.<\/li><li>Los da\u00f1os de cualquier naturaleza que pudieran ser ocasionados a los Usuarios por su participaci\u00f3n en cualquier evento, actividad o Servicio de Terceros ofrecidos a trav\u00e9s de la P\u00e1gina Web.<\/li><li>Los da\u00f1os causados por los problemas de acceso a internet m\u00e1s all\u00e1 de la gesti\u00f3n diligente y razonable del titular de la P\u00e1gina Web.<\/li><li>Acciones u omisiones de terceros.<\/li><li>Da\u00f1os ocasionados por errores en la informaci\u00f3n suministrada por el Usuario.<\/li><\/ul><p>Asimismo, el Centro Comercial no se hace responsable de: (i) la continuidad de los contenidos de la P\u00e1gina Web; (ii) la ausencia de errores en dichos contenidos cuando \u00e9stos sean de terceros; (iii) la ausencia de virus y\/o dem\u00e1s componentes da\u00f1inos en la P\u00e1gina Web o en el servidor que lo suministra; (iv) la invulnerabilidad de la P\u00e1gina Web y\/o la imposibilidad de vulnerar las medidas de seguridad que se adopten en \u00e9sta; (v) la falta de utilidad o rendimiento de los contenidos de la P\u00e1gina Web; y (vi) los da\u00f1os o perjuicios que cause, a s\u00ed mismo o a un tercero, cualquier persona que infringiera las condiciones, normas e instrucciones que el Centro Comercial establece en la P\u00e1gina Web o a trav\u00e9s de la vulneraci\u00f3n de los sistemas de seguridad de la misma.<\/p><p>Igualmente, El Centro Comercial tampoco ser\u00e1 responsable en caso de indisponibilidad de los servicios ofrecidos a trav\u00e9s de la P\u00e1gina Web a los Usuarios cuando ello se deba a causas de fuerza mayor, robo o p\u00e9rdida, o error en los datos facilitados por los Usuarios.<\/p><p>Sin perjuicio de lo anterior, el Centro Comercial declara que ha adoptado todas las medidas necesarias, dentro de sus posibilidades y del estado de la t\u00e9cnica, para garantizar el funcionamiento de la P\u00e1gina Web y reducir al m\u00ednimo los errores del sistema, tanto desde el punto de vista t\u00e9cnico como de los contenidos publicados en la P\u00e1gina Web.<\/p><p>El Centro Comercial garantiza que los contenidos, datos o informaciones relativos a los Servicios propios ofrecidos en la P\u00e1gina Web son fiables, veraces y exactos. No obstante, el Centro Comercial no se har\u00e1 responsable de aquellos contenidos, datos o informaciones, ofrecidos en los Servicios de Terceros que se regular\u00e1n de conformidad con sus propios textos legales.<\/p><\/section><section><h2>11. Modificaci\u00f3n del Aviso Legal<\/h2><p>El Centro Comercial se reserva el derecho a llevar a cabo modificaciones y\/o actualizaciones en el presente Aviso Legal, as\u00ed como en la presentaci\u00f3n y\/o configuraci\u00f3n de la P\u00e1gina Web, de las que se informar\u00e1 previamente al Usuario para su aceptaci\u00f3n o rechazo en caso de resultar sustanciales. En cualquier caso, se considerar\u00e1 que el Usuario acepta expresamente dichas modificaciones o actualizaciones si realiza un nuevo acceso, navegaci\u00f3n o uso de la P\u00e1gina Web.<\/p><p>En caso de cierre o suspensi\u00f3n de la P\u00e1gina Web por causas ajenas a la actuaci\u00f3n del Centro Comercial, y siempre que sea posible, se informar\u00e1 puntualmente al Usuario del traslado del servicio a un nuevo dominio, modific\u00e1ndose \u00fanicamente las estipulaciones del presente aviso en lo relativo al dominio en que la P\u00e1gina Web permanezca activa.<\/p><\/section><section><h2>12. Notificaciones<\/h2><p>El Centro Comercial podr\u00e1 realizar las notificaciones oportunas relacionadas con la P\u00e1gina web y el presente Aviso Legal a trav\u00e9s de la propia P\u00e1gina Web, as\u00ed como a trav\u00e9s de la direcci\u00f3n de correo electr\u00f3nico facilitada por el Usuario a trav\u00e9s de los distintos formularios habilitados en la P\u00e1gina Web (Contacto, Newsletter, etc.). El Usuario, a su vez podr\u00e1 cursar notificaciones al Centro Comercial a trav\u00e9s de la direcci\u00f3n de correo electr\u00f3nico que consta en la tabla adjunta en el apartado \u201cInformaci\u00f3n general\u201d del presente Aviso Legal.<\/p><\/section><section><h2>13. Miscel\u00e1nea<\/h2><ul><li><strong>13.1 . Efectividad de los T\u00e9rminos de Contrataci\u00f3n<\/strong><p>El presente Aviso Legal vincula al Centro Comercial y al Usuario, desde el mismo momento de su aceptaci\u00f3n. Cualquier cl\u00e1usula o disposici\u00f3n del presente Aviso Legal que sea o devenga ilegal, inv\u00e1lida o inexigible ser\u00e1 excluida del mismo y ser\u00e1 considerada inaplicable en lo que alcance a tal ilegalidad, invalidez o inexigibilidad, y ser\u00e1 sustituida por otra que se asemeje lo m\u00e1s posible a la anterior, pero no afectar\u00e1 o perjudicar\u00e1 a las restantes disposiciones, las cuales quedar\u00e1n al margen de cualquier cl\u00e1usula o disposici\u00f3n ilegal, inv\u00e1lida o inexigible y permanecer\u00e1n por el contrario con plena vigencia y efecto.<\/p><\/li><li><strong>13.2. Cesi\u00f3n<\/strong><p>Los Usuarios no podr\u00e1n ceder, traspasar o subrogar a terceros, ni subcontratar los derechos y obligaciones derivadas de este Aviso Legal.<\/p><\/li><li><strong>13.3. Renuncia<\/strong><p>La renuncia o el incumplimiento por cualquiera de las partes de ejercer en cualquier sentido cualquier derecho o disposici\u00f3n de este Aviso Legal no se considerar\u00e1 una renuncia al derecho o disposici\u00f3n aplicable.<\/p><\/li><li><strong>13.4. Fuerza Mayor<\/strong><p>El Centro Comercial no se hace responsable por incumplimientos o retrasos en el cumplimiento de cualquiera de sus obligaciones cuando ello se deba a causas o eventos de fuerza mayor. En este sentido, por causa o evento de fuerza mayor se entender\u00e1 cualquier suceso o acontecimiento que escape al control razonable del Centro Comercial, incluyendo, sin limitaci\u00f3n alguna, huelgas, cierres patronales u otras medidas reivindicativas por parte de terceros, disturbios, invasiones, ataques o amenazas terroristas, guerra (declarada o no) o amenazas o preparaciones de guerra, incendios, explosiones, tormentas, inundaciones, terremotos, hundimientos, epidemias o cualquier otra clase de desastre natural; as\u00ed como el fallo en redes de telecomunicaciones p\u00fablicas o privadas, o la imposibilidad de utilizar transportes mar\u00edtimos, a\u00e9reos, motores, o cualquier otro medio de transporte p\u00fablico o privado.<\/p><\/li><li><strong>13.5. Ley y jurisdicci\u00f3n aplicable<\/strong><p>Para toda cuesti\u00f3n litigiosa que incumba a el presente Aviso Legal, ser\u00e1 de aplicaci\u00f3n la legislaci\u00f3n espa\u00f1ola, someti\u00e9ndose la resoluci\u00f3n de todos los conflictos a los Juzgados y Tribunales que resulten competentes.<\/p><\/li><\/ul><\/section><section><p>\u00a9 2021 Centro Comercial. Todos los derechos reservados.<\/p><p>\u00daltima actualizaci\u00f3n: febrero 2021<\/p><\/section><\/div>\t\t\t\t\t\t\t\t<\/div>\n\t\t\t\t<\/div>\n\t\t\t\t\t<\/div>\n\t\t<\/div>\n\t\t\t\t\t<\/div>\n\t\t<\/section>\n\t\t\t\t<div class=\"elementor-element elementor-element-3b739ec7 elementor-widget elementor-widget-spacer\" data-id=\"3b739ec7\" data-element_type=\"widget\" data-e-type=\"widget\" data-widget_type=\"spacer.default\">\n\t\t\t\t<div class=\"elementor-widget-container\">\n\t\t\t\t\t\t\t<div class=\"elementor-spacer\">\n\t\t\t<div class=\"elementor-spacer-inner\"><\/div>\n\t\t<\/div>\n\t\t\t\t\t\t<\/div>\n\t\t\t\t<\/div>\n\t\t\t\t\t<\/div>\n\t\t<\/div>\n\t\t\t\t\t<\/div>\n\t\t<\/section>\n\t\t\t\t<\/div>\n\t\t","protected":false},"excerpt":{"rendered":"<p>Aviso legal 1. Objeto En el presente Aviso Legal se establecen las condiciones por las que se rige el uso de todas y cada una de<span class=\"excerpt-hellip\"> [\u2026]<\/span><\/p>\n","protected":false},"author":1,"featured_media":0,"parent":0,"menu_order":0,"comment_status":"closed","ping_status":"closed","template":"","meta":{"footnotes":""},"class_list":["post-835","page","type-page","status-publish","hentry"],"publishpress_future_workflow_manual_trigger":{"enabledWorkflows":[]},"_links":{"self":[{"href":"https:\/\/www.lafiracentrecomercial.com\/es\/wp-json\/wp\/v2\/pages\/835","targetHints":{"allow":["GET"]}}],"collection":[{"href":"https:\/\/www.lafiracentrecomercial.com\/es\/wp-json\/wp\/v2\/pages"}],"about":[{"href":"https:\/\/www.lafiracentrecomercial.com\/es\/wp-json\/wp\/v2\/types\/page"}],"author":[{"embeddable":true,"href":"https:\/\/www.lafiracentrecomercial.com\/es\/wp-json\/wp\/v2\/users\/1"}],"replies":[{"embeddable":true,"href":"https:\/\/www.lafiracentrecomercial.com\/es\/wp-json\/wp\/v2\/comments?post=835"}],"version-history":[{"count":5,"href":"https:\/\/www.lafiracentrecomercial.com\/es\/wp-json\/wp\/v2\/pages\/835\/revisions"}],"predecessor-version":[{"id":1114,"href":"https:\/\/www.lafiracentrecomercial.com\/es\/wp-json\/wp\/v2\/pages\/835\/revisions\/1114"}],"wp:attachment":[{"href":"https:\/\/www.lafiracentrecomercial.com\/es\/wp-json\/wp\/v2\/media?parent=835"}],"curies":[{"name":"wp","href":"https:\/\/api.w.org\/{rel}","templated":true}]}}